{"id":34780,"date":"2024-07-23T12:56:26","date_gmt":"2024-07-23T12:56:26","guid":{"rendered":"https:\/\/sidelinesports.com\/support\/"},"modified":"2024-12-13T08:55:38","modified_gmt":"2024-12-13T08:55:38","slug":"support","status":"publish","type":"page","link":"https:\/\/sidelinesports.com\/sv\/support\/","title":{"rendered":"Support"},"content":{"rendered":"<section class=\"h-[532px] mt-[-89px] z-[-1] relative\" style=\"background:linear-gradient(336.54deg, rgb(108, 201, 113) -12.07%, rgb(0, 109, 156) 41.21%, rgb(0, 15, 45) 110.88%); clip-path: polygon(0 0, 100% 0, 100% 88%, 0% 100%); z-index: -999999;\">\r\n    <div class=\"max-w-[1100px] mx-auto px-5\">\r\n        <div class=\"text-center pt-[140px] pb-[88px]\" style=\"letter-spacing: -.02em;\">\r\n            <h1 class=\"md:text-[48px] text-[24px] font-Inter font-bold leading-[49px] text-white pb-[40px] tracking-[-.02em]\">Support<\/h1>\r\n            <p class=\"md:text-[24px] text-[18px] font-Inter font-normal leading-[20px] md:leading-[33px] text-white tracking-[-.02em]\">Beh\u00f6ver du hj\u00e4lp med att komma ig\u00e5ng?<\/p>\r\n        <\/div>\r\n    <\/div>\r\n<\/section><section class=\"powerful z-10 mt-[-181px]\">\n    <div class=\"max-w-[1196px] mx-auto font-Inter\">\n        <div class=\"mb-[30px] flex justify-center flex-wrap gap-[10px] ml-5 mr-5 lg:ml-0 lg:mr-0 lg:p-0 lg:px-12\">\n                                            <div class=\"Main_div bg-white w-[262px] h-[262px] hover:scale-110 hover:z-[10] ease-in duration-100 relative overflow-hidden\" style=\"box-shadow: 0 12px 24px rgba(21, 31, 59, .12);\">\n                                                <a href=\"https:\/\/sidelinesports.com\/tutorials\/\" target=\"_blank\">\n                            <div class=\"lesson-cart text-center px-[25px] height100\">\n                                <p class=\"lesson-subheading pt-[22px] text-[12px] leading-[33px] uppercase text-[#8a939b] font-Inter\">lektion<\/p>\n                                <p class=\"lesson-heading break-word font-Inter text-[30px] leading-[35px] font-bold text-[#3c434c] text-center tracking-[-.02em]\">Kom ig\u00e5ng<\/p>\n                            <\/div>\n                            <div class=\"full-width Hover_div bg-[#57b700] mt-[31px] w-[100%] py-[24px] bottom-[-67px] absolute\">\n                                <p class=\" text-[12px] font-Inter font-bold text-center text-white uppercase tracking-[.02em]\">Start<\/p>\n                            <\/div>\n                        <\/a>\n                    <\/div>\n                                    <div class=\"Main_div bg-white w-[262px] h-[262px] hover:scale-110 hover:z-[10] ease-in duration-100 relative overflow-hidden\" style=\"box-shadow: 0 12px 24px rgba(21, 31, 59, .12);\">\n                                                <a href=\"https:\/\/sidelinesports.com\/tutorials#team-group-sessions\" target=\"_blank\">\n                            <div class=\"lesson-cart text-center px-[25px] height100\">\n                                <p class=\"lesson-subheading pt-[22px] text-[12px] leading-[33px] uppercase text-[#8a939b] font-Inter\">lektion<\/p>\n                                <p class=\"lesson-heading break-word font-Inter text-[30px] leading-[35px] font-bold text-[#3c434c] text-center tracking-[-.02em]\">Lagaktiviteter<\/p>\n                            <\/div>\n                            <div class=\"full-width Hover_div bg-[#57b700] mt-[31px] w-[100%] py-[24px] bottom-[-67px] absolute\">\n                                <p class=\" text-[12px] font-Inter font-bold text-center text-white uppercase tracking-[.02em]\">Start<\/p>\n                            <\/div>\n                        <\/a>\n                    <\/div>\n                                    <div class=\"Main_div bg-white w-[262px] h-[262px] hover:scale-110 hover:z-[10] ease-in duration-100 relative overflow-hidden\" style=\"box-shadow: 0 12px 24px rgba(21, 31, 59, .12);\">\n                                                <a href=\"https:\/\/sidelinesports.com\/tutorials#diagrams-animation\" target=\"_blank\">\n                            <div class=\"lesson-cart text-center px-[25px] height100\">\n                                <p class=\"lesson-subheading pt-[22px] text-[12px] leading-[33px] uppercase text-[#8a939b] font-Inter\">lektion<\/p>\n                                <p class=\"lesson-heading break-word font-Inter text-[30px] leading-[35px] font-bold text-[#3c434c] text-center tracking-[-.02em]\">Diagram och Animationer<\/p>\n                            <\/div>\n                            <div class=\"full-width Hover_div bg-[#57b700] mt-[31px] w-[100%] py-[24px] bottom-[-67px] absolute\">\n                                <p class=\" text-[12px] font-Inter font-bold text-center text-white uppercase tracking-[.02em]\">Start<\/p>\n                            <\/div>\n                        <\/a>\n                    <\/div>\n                                    <div class=\"Main_div bg-white w-[262px] h-[262px] hover:scale-110 hover:z-[10] ease-in duration-100 relative overflow-hidden\" style=\"box-shadow: 0 12px 24px rgba(21, 31, 59, .12);\">\n                                                <a href=\"https:\/\/sidelinesports.com\/tutorials#teams-user-management\" target=\"_blank\">\n                            <div class=\"lesson-cart text-center px-[25px] height100\">\n                                <p class=\"lesson-subheading pt-[22px] text-[12px] leading-[33px] uppercase text-[#8a939b] font-Inter\">lektion<\/p>\n                                <p class=\"lesson-heading break-word font-Inter text-[30px] leading-[35px] font-bold text-[#3c434c] text-center tracking-[-.02em]\">Anv\u00e4ndarhantering<\/p>\n                            <\/div>\n                            <div class=\"full-width Hover_div bg-[#57b700] mt-[31px] w-[100%] py-[24px] bottom-[-67px] absolute\">\n                                <p class=\" text-[12px] font-Inter font-bold text-center text-white uppercase tracking-[.02em]\">Start<\/p>\n                            <\/div>\n                        <\/a>\n                    <\/div>\n                                    <div class=\"Main_div bg-white w-[262px] h-[262px] hover:scale-110 hover:z-[10] ease-in duration-100 relative overflow-hidden\" style=\"box-shadow: 0 12px 24px rgba(21, 31, 59, .12);\">\n                                                <a href=\"https:\/\/sidelinesports.com\/tutorials#messages\" target=\"_blank\">\n                            <div class=\"lesson-cart text-center px-[25px] height100\">\n                                <p class=\"lesson-subheading pt-[22px] text-[12px] leading-[33px] uppercase text-[#8a939b] font-Inter\">lektion<\/p>\n                                <p class=\"lesson-heading break-word font-Inter text-[30px] leading-[35px] font-bold text-[#3c434c] text-center tracking-[-.02em]\">Meddelanden<\/p>\n                            <\/div>\n                            <div class=\"full-width Hover_div bg-[#57b700] mt-[31px] w-[100%] py-[24px] bottom-[-67px] absolute\">\n                                <p class=\" text-[12px] font-Inter font-bold text-center text-white uppercase tracking-[.02em]\">Start<\/p>\n                            <\/div>\n                        <\/a>\n                    <\/div>\n                                    <div class=\"Main_div bg-white w-[262px] h-[262px] hover:scale-110 hover:z-[10] ease-in duration-100 relative overflow-hidden\" style=\"box-shadow: 0 12px 24px rgba(21, 31, 59, .12);\">\n                                                <a href=\"https:\/\/sidelinesports.com\/tutorials#strength-conditioning\" target=\"_blank\">\n                            <div class=\"lesson-cart text-center px-[25px] height100\">\n                                <p class=\"lesson-subheading pt-[22px] text-[12px] leading-[33px] uppercase text-[#8a939b] font-Inter\">lektion<\/p>\n                                <p class=\"lesson-heading break-word font-Inter text-[30px] leading-[35px] font-bold text-[#3c434c] text-center tracking-[-.02em]\">Fystr\u00e4ning<\/p>\n                            <\/div>\n                            <div class=\"full-width Hover_div bg-[#57b700] mt-[31px] w-[100%] py-[24px] bottom-[-67px] absolute\">\n                                <p class=\" text-[12px] font-Inter font-bold text-center text-white uppercase tracking-[.02em]\">Start<\/p>\n                            <\/div>\n                        <\/a>\n                    <\/div>\n                                    <div class=\"Main_div bg-white w-[262px] h-[262px] hover:scale-110 hover:z-[10] ease-in duration-100 relative overflow-hidden\" style=\"box-shadow: 0 12px 24px rgba(21, 31, 59, .12);\">\n                                                <a href=\"https:\/\/sidelinesports.com\/tutorials#athlete-profile\" target=\"_blank\">\n                            <div class=\"lesson-cart text-center px-[25px] height100\">\n                                <p class=\"lesson-subheading pt-[22px] text-[12px] leading-[33px] uppercase text-[#8a939b] font-Inter\">lektion<\/p>\n                                <p class=\"lesson-heading break-word font-Inter text-[30px] leading-[35px] font-bold text-[#3c434c] text-center tracking-[-.02em]\">Spelarprofil <\/p>\n                            <\/div>\n                            <div class=\"full-width Hover_div bg-[#57b700] mt-[31px] w-[100%] py-[24px] bottom-[-67px] absolute\">\n                                <p class=\" text-[12px] font-Inter font-bold text-center text-white uppercase tracking-[.02em]\">Start<\/p>\n                            <\/div>\n                        <\/a>\n                    <\/div>\n                                    <div class=\"Main_div bg-white w-[262px] h-[262px] hover:scale-110 hover:z-[10] ease-in duration-100 relative overflow-hidden\" style=\"box-shadow: 0 12px 24px rgba(21, 31, 59, .12);\">\n                                                <a href=\"https:\/\/sidelinesports.com\/tutorials#video-analysis\" target=\"_blank\">\n                            <div class=\"lesson-cart text-center px-[25px] height100\">\n                                <p class=\"lesson-subheading pt-[22px] text-[12px] leading-[33px] uppercase text-[#8a939b] font-Inter\">lektion<\/p>\n                                <p class=\"lesson-heading break-word font-Inter text-[30px] leading-[35px] font-bold text-[#3c434c] text-center tracking-[-.02em]\">Videoanalys<\/p>\n                            <\/div>\n                            <div class=\"full-width Hover_div bg-[#57b700] mt-[31px] w-[100%] py-[24px] bottom-[-67px] absolute\">\n                                <p class=\" text-[12px] font-Inter font-bold text-center text-white uppercase tracking-[.02em]\">Start<\/p>\n                            <\/div>\n                        <\/a>\n                    <\/div>\n                                    <\/div>\n    <\/div>\n<\/section><section class=\"powerful font-inter lg:mt-[53px] xl:mt-mt-[-200px]\" style=\"background: linear-gradient(0deg, #FFFFFF 0%, #F5F6F8 87.31%); clip-path: polygon(0 11%, 100% 0, 100% 100%, 0% 100%);\">\n    <div class=\"max-w-[1100px] mx-auto md:pt-[191px] pt-[70px]\" >\n        <div class=\"md:flex items-center justify-center gap-x-[85px] ml-[20px] mr-[20px] md:mr-0 xl:ml-[44px]\">\n            <div class=\"hidden md:block\">\n                <img decoding=\"async\" src=\"https:\/\/sidelinesports.com\/wp-content\/uploads\/2024\/07\/gears-d6a8ff2f599b1b9721eceed43329607d.webp\" alt=\"img\">\n            <\/div>\n            <div class=\"md:max-w-[420px] lg:max-w-[520px]\">\n                <h2 class=\"break-word text-[48px] font-bold font-Inter text-[#3c434c] leading-[49px]\" style=\"letter-spacing: -.02em;\">\n                    Bes\u00f6k kunskapsbanken<br>                <\/h2>\n                <p class=\"text-[16px] font-normal font-Inter leading-[22px] mb-7 mt-7 tracking-[-.02em]\">\n                    Kunskapsbanken hj\u00e4lper dig igenom alla funktioner i XPS. H\u00e4r finns FAQ\u2019s, tutorials och snabbguider.                 <\/p>\n                                    <a href=\"https:\/\/sidelinesports.zendesk.com\/hc\/en-us\" target=\"_blank\" class=\"flex hover:!underline font-bold text-[20px] font-Inter text-[#3c434c] items-center tracking-[-.02em]\" rel=\"noopener\">\n                        Learn more                        <img decoding=\"async\" class=\"w-[32px] h-[32px] ml-5\" src=\"\/wp-content\/uploads\/2024\/04\/download-12.png\" alt=\"media\">\n                    <\/a>\n                            <\/div>\n        <\/div>\n    <\/div>\n<\/section><section class=\"pt-20 lg:pt-[213px] pb-[70px] lg:pb-[120px]\">\r\n    <div class=\"max-w-[1224px] mx-auto px-8\">\r\n        <div class=\"xl:max-w-full md:mx-[108px] xl:mx-0 font-inter bg-white relative\" style=\"box-shadow: 0 15px 35px 10px rgba(21,31,59,.1);\">\r\n            <div class=\"flex flex-col-reverse  xl:flex-row xl:justify-between\">\r\n                <div class=\"px-[30px] py-10 md:p-[80px] xl:pl-[50px] xl:py-10\">\r\n                    <div class=\"pb-1 md:pb-[47px]\">\r\n                        <h3 class=\"text-[28px] leading-[29px] md:text-[48px] md:leading-[49px] text-center md:text-left text-[#3c434c] font-Inter font-bold xl:max-w-[700px] mxl:max-w-[620px] tracking-[-.02em]\">Hittar du inte svaren du s\u00f6ker?<\/h3>\r\n                    <\/div>\r\n                    <div class=\"flex items-center mx-auto justify-center md:justify-start\">\r\n                                                <a href=\"mailto:support@sidelinesports.com\"  class=\"flex flex-col md:flex-row gap-3 hover:!underline font-bold text-sm md:text-[18px] text-[#3c434c] mt-6 items-center font-Inter tracking-[-.02em]\">\r\n                                Contact the Support team                                <img decoding=\"async\" class=\"sm:w-[32px] sm:h-[32px] h-[20px] w-[20px] ml-5 lg:ml-0\" src=\"\/wp-content\/uploads\/2024\/07\/download-12.png\" height=\"\" width=\"\" alt=\"img\">\r\n                            <\/a>\r\n                                        <\/div>\r\n                <\/div>\r\n\r\n                <div class=\"h-[200px] md:h-[300px] w-full xl:w-[590px] hidden xl:block\" style=\"background-image:url('https:\/\/sidelinesports.com\/wp-content\/uploads\/2024\/07\/supportDesktop.webp');background-size:cover;background-repeat:no-repeat;\"><\/div>\r\n                <div class=\"looking_for h-[200px] md:h-[300px] w-full xl:w-[455px] block md:hidden flex items-center justify-center\">\r\n                    <img decoding=\"async\" src=\"https:\/\/sidelinesports.com\/wp-content\/uploads\/2024\/07\/question_mark.webp\" class=\"w-[85px] h-[136px] mx-auto text-center\" alt=\"img\">\r\n                <\/div>\r\n            <\/div>\r\n        <\/div>\r\n    <\/div>\r\n<\/section><div class=\"footer_before pb-[90px] md:pb-[120px] pt-[120px] md:pt-[150px] ffgdfggdff\">\r\n        <div class=\"max-w-[1140px] mx-auto text-center flex flex-col items-center justify-center px-10\">\r\n            <div class=\"text-white font-Inter font-bold md:text-[48px] text-[30px] sm:text-[40px] mb-[44px] leading-[1.1] tracking-[-.02em]\">It&#8217;s time to get started<\/div>\r\n                        <div>\r\n                <button class=\"try_xps_about h-[57px] px-3 text-white hover:bg-[#4b9e00] bg-[#57b700] text-center inline-flex items-center justify-center rounded-md uppercase font-bold font-Inter text-[14px] sm:text-[16px] tracking-[.02em] \">try xps for free<\/button>\r\n                <p class=\"font-Inter opacity-[0.85] text-white mt-4\">Inget kreditkort kr\u00e4vs.<\/p>\r\n            <\/div>\r\n                        \r\n        <\/div>\r\n<\/div>\n<p><\/p>\n","protected":false},"excerpt":{"rendered":"","protected":false},"author":23,"featured_media":0,"parent":0,"menu_order":0,"comment_status":"closed","ping_status":"closed","template":"Full-width.php","meta":{"_acf_changed":false,"content-type":"","footnotes":""},"class_list":["post-34780","page","type-page","status-publish","hentry"],"acf":[],"_links":{"self":[{"href":"https:\/\/sidelinesports.com\/sv\/wp-json\/wp\/v2\/pages\/34780","targetHints":{"allow":["GET"]}}],"collection":[{"href":"https:\/\/sidelinesports.com\/sv\/wp-json\/wp\/v2\/pages"}],"about":[{"href":"https:\/\/sidelinesports.com\/sv\/wp-json\/wp\/v2\/types\/page"}],"author":[{"embeddable":true,"href":"https:\/\/sidelinesports.com\/sv\/wp-json\/wp\/v2\/users\/23"}],"replies":[{"embeddable":true,"href":"https:\/\/sidelinesports.com\/sv\/wp-json\/wp\/v2\/comments?post=34780"}],"version-history":[{"count":0,"href":"https:\/\/sidelinesports.com\/sv\/wp-json\/wp\/v2\/pages\/34780\/revisions"}],"wp:attachment":[{"href":"https:\/\/sidelinesports.com\/sv\/wp-json\/wp\/v2\/media?parent=34780"}],"curies":[{"name":"wp","href":"https:\/\/api.w.org\/{rel}","templated":true}]}}