{"id":35147,"date":"2024-07-23T13:25:14","date_gmt":"2024-07-23T13:25:14","guid":{"rendered":"https:\/\/sidelinesports.com\/sobre\/"},"modified":"2025-01-30T14:13:57","modified_gmt":"2025-01-30T14:13:57","slug":"about","status":"publish","type":"page","link":"https:\/\/sidelinesports.com\/pt\/about\/","title":{"rendered":"Sobre"},"content":{"rendered":"<section class=\"pt-20 md:pb-[350px] pb-[160px] mt-[-108px] about_hero z-[-1]\"  style=\"background:linear-gradient(0deg, #C140AC 5%, #003E75 100%)\">\r\n    <div class=\"max-w-[1180px] mx-auto\">\r\n        <h1 class=\"font-bold font-Inter md:text-[48px] text-[24px] w-[260px] md:w-full leading-[24px] text-center mx-auto md:pt-28 pt-14 pb-8 md:pb-28 text-white\" style=\"letter-spacing: -.02em;\">\r\n            Ajudar os treinadores e os atletas        <\/h1>\r\n    <\/div>\r\n<\/section>\r\n\r\n<section class=\"powerful md:mt-[-274px] mt-[-150px] lg:mx-0 mx-6\">\r\n    <div class=\"About_main_img xl:w-[1160px] md:h-[600px] mx-auto\">\r\n                    <div class=\"iframe w-full h-full\">\r\n                <iframe src=\"https:\/\/player.vimeo.com\/video\/334479471?autoplay=1&amp;loop=1&amp;autopause=0\" frameborder=\"0\" allowfullscreen=\"\" allow=\"autoplay\"><\/iframe>\r\n            <\/div>\r\n            <\/div>\r\n<\/section>\n\n<section class=\"md:py-[80px] py-[50px]\">\n     <div class=\"max-w-[1160px] mx-auto px-4\">\n                        <div class=\"flex md:flex-row flex-col-reverse items-center md:items-end md:gap-10 gap-5\">\n                            \n            <div class=\"md:w-[700px]\">\n                    <h2 class=\"font-bold text-[#3c434c] text-center md:text-start md:text-[48px] text-[30px] leading-[35px] md:leading-[49px] md:my-[50px] my-5 font-Inter tracking-[-.02em]\">Alcan\u00e7ar uma performace de excel\u00eancia <br><br><\/h2>\n                    <p class=\"text-[#3c434c] md:text-[#647072] font-Inter leading-[22px] text-center md:text-start tracking-[-.02em]\">A Sideline Sports foi fundada em 2001. Come\u00e7\u00e1mos com tr\u00eas pessoas e hoje somos uma empresa com mais de 30. Os nossos escrit\u00f3rios principais situam-se na Isl\u00e2ndia e na Su\u00e9cia, mas a maioria de n\u00f3s trabalha remotamente, pelo que nos encontrar\u00e1 espalhados por todo o mundo.  <br><br>\n H\u00e1 duas d\u00e9cadas que ajudamos os nossos clientes a tornarem-se mais organizados e eficazes, melhorando a comunica\u00e7\u00e3o e fornecendo acesso aos principais dados que orientam a tomada de decis\u00f5es.<br><br>\n O nosso produto principal \u00e9 a plataforma de treino XPS Network e ganh\u00e1mos a confian\u00e7a de milhares de clientes, incluindo alguns dos maiores &#8211; e mais pequenos &#8211; clubes e organiza\u00e7\u00f5es desportivas do Mundo.<br><br>\n Estamos orgulhosos do nosso sucesso e vamos continuar a elevar a fasquia, fornecendo solu\u00e7\u00f5es de software de ponta para treinadores de todos os desportos, em todo o mundo. Sentimos que estamos apenas a come\u00e7ar! <\/p>\n            <\/div>\n                        <div class=\"flex-grow flex justify-center md:justify-end items-center\">\n                            <img decoding=\"async\" src=\"https:\/\/sidelinesports.com\/wp-content\/uploads\/2024\/07\/xps-1-300x298-1-e1724100047584.webp\" class=\"md:w-[320px] w-[210px] h-[210px] md:h-[318px]\" alt=\"media\">\n            <\/div>\n        <\/div>\n     <\/div>\n<\/section>\n\n<section class=\"md:py-[80px] py-[50px]\">\n     <div class=\"max-w-[1160px] mx-auto px-4\">\n                    <div class=\"flex md:flex-row-reverse flex-col-reverse items-center   \">\n                            \n            <div class=\"md:w-[700px]\">\n                    <h2 class=\"font-bold text-[#3c434c] text-center md:text-start md:text-[30px] text-[30px] leading-[35px] md:leading-[1.1] md:my-[25px] my-5 font-Inter tracking-[-.02em]\">Manter a simplicidade<\/h2>\n                    <p class=\"text-[#3c434c] md:text-[#647072] font-Inter leading-[22px] text-center md:text-start tracking-[-.02em]\">Acreditamos muito no poder de manter as coisas simples e as nossas prioridades t\u00eam sido sempre as mesmas: prestar um \u00f3timo servi\u00e7o, divertirmo-nos e construir os melhores produtos do sector.\n<br><br>Nas pr\u00f3ximas d\u00e9cadas, continuaremos a concentrar-nos na clareza e na facilidade de utiliza\u00e7\u00e3o dos nossos produtos, sempre com o mesmo objetivo principal em mente: Apoiar os treinadores no desenvolvimento de equipas e atletas.\n\n<\/p>\n            <\/div>\n                        <div class=\"flex-grow flex justify-center md:justify-start items-center\">\n                            <img decoding=\"async\" src=\"https:\/\/sidelinesports.com\/wp-content\/uploads\/2024\/08\/simple.webp\" class=\"md:w-[320px] w-[210px] h-[210px] md:h-[318px]\" alt=\"media\">\n            <\/div>\n        <\/div>\n     <\/div>\n<\/section>\n\n<section class=\"md:py-[80px] py-[50px]\">\n     <div class=\"max-w-[1160px] mx-auto px-4\">\n                        <div class=\"flex md:flex-row flex-col-reverse items-center  md:gap-10 gap-5\">\n                            \n            <div class=\"md:w-[700px]\">\n                    <h2 class=\"font-bold text-[#3c434c] text-center md:text-start md:text-[30px] text-[30px] leading-[35px] md:leading-[1.1] md:my-[25px] my-5 font-Inter tracking-[-.02em]\">Ao seu servi\u00e7o<\/h2>\n                    <p class=\"text-[#3c434c] md:text-[#647072] font-Inter leading-[22px] text-center md:text-start tracking-[-.02em]\">Se tiver uma pergunta geral para n\u00f3s, envie-nos uma mensagem de correio eletr\u00f3nico para <a style=\"color:#0000EE;text-decoration:underline\" href=\"mailto:info@sidelinesports.com\">info@sidelinesports.com<\/a>. Se \u00e9 um cliente e pretende falar com algu\u00e9m do servi\u00e7o de apoio ao cliente, pode enviar uma mensagem de correio eletr\u00f3nico para <a style=\"color:#0000EE;text-decoration:underline\" href=\"mailto:support@sidelinesports.com\">support@sidelinesports.com<\/a>. \n<br><br>\nSe est\u00e1 apenas a navegar, aproveite a sua estadia. Se quiser tornar-se cliente, gostar\u00edamos de o receber. De qualquer forma, obrigado por visitar a Sideline Sports.  \n\n\n<\/p>\n            <\/div>\n                        <div class=\"flex-grow flex justify-center md:justify-end items-center\">\n                            <img decoding=\"async\" src=\"https:\/\/sidelinesports.com\/wp-content\/uploads\/2024\/08\/download-15.webp\" class=\"md:w-[320px] w-[210px] h-[210px] md:h-[318px]\" alt=\"media\">\n            <\/div>\n        <\/div>\n     <\/div>\n<\/section>\n\n<section class=\"md:my-[200px] my-20\">\n    <div class=\"w-full mx-auto px-3\">\n        <h3 class=\"font-bold text-[#3c434c] font-Inter text-[30px] md:text-[2.25rem] leading-[30px] md:leading-[49px] text-center\">Management<\/h3>\n    <div class=\"flex flex-wrap justify-center mt-[100px]\">\n                                    <div class=\"p-4 text-center w-[222px] mx-[26px]\">\n                    <a href=\"mailto:mailto:gustav@sidelinesports.com\"> <!-- \u0412\u0438\u043a\u043e\u0440\u0438\u0441\u0442\u043e\u0432\u0443\u0454\u043c\u043e mailto: \u0434\u043b\u044f email -->\n                        <img decoding=\"async\" src=\"https:\/\/sidelinesports.com\/wp-content\/uploads\/2024\/11\/1686577370966-1.jpeg\" class=\"w-[85px] rounded-full mb-6 mx-auto\" alt=\"profile image\">\n                        <div class=\"text-[16px] hover:underline decoration-blue-700 font-Inter font-bold text-[#3c434c] mt-5 text-center tracking-[-.02em]\">Gustav Rosqvist<\/div>\n                        <p class=\"font-normal font-Inter text-[12px] text-[#64707a] text-center mt-1\">Diretor de Desenvolvimento de Neg\u00f3cios<\/p>\n                    <\/a>\n                <\/div>\n                            <div class=\"p-4 text-center w-[222px] mx-[26px]\">\n                    <a href=\"mailto:mailto:orri@sidelinesports.com\"> <!-- \u0412\u0438\u043a\u043e\u0440\u0438\u0441\u0442\u043e\u0432\u0443\u0454\u043c\u043e mailto: \u0434\u043b\u044f email -->\n                        <img decoding=\"async\" src=\"https:\/\/sidelinesports.com\/wp-content\/uploads\/2024\/07\/orri-300x300-1.jpg\" class=\"w-[85px] rounded-full mb-6 mx-auto\" alt=\"profile image\">\n                        <div class=\"text-[16px] hover:underline decoration-blue-700 font-Inter font-bold text-[#3c434c] mt-5 text-center tracking-[-.02em]\">Orri Sigurdsson<\/div>\n                        <p class=\"font-normal font-Inter text-[12px] text-[#64707a] text-center mt-1\">Diretor de Apoio ao Cliente<\/p>\n                    <\/a>\n                <\/div>\n                            <div class=\"p-4 text-center w-[222px] mx-[26px]\">\n                    <a href=\"mailto:mailto:jakoubek@sidelinesports.com\"> <!-- \u0412\u0438\u043a\u043e\u0440\u0438\u0441\u0442\u043e\u0432\u0443\u0454\u043c\u043e mailto: \u0434\u043b\u044f email -->\n                        <img decoding=\"async\" src=\"https:\/\/sidelinesports.com\/wp-content\/uploads\/2024\/11\/w800h450et1659962880-2.png\" class=\"w-[85px] rounded-full mb-6 mx-auto\" alt=\"profile image\">\n                        <div class=\"text-[16px] hover:underline decoration-blue-700 font-Inter font-bold text-[#3c434c] mt-5 text-center tracking-[-.02em]\">Ji\u0159\u00ed Jakoubek<\/div>\n                        <p class=\"font-normal font-Inter text-[12px] text-[#64707a] text-center mt-1\">VP de Vendas na Europa<\/p>\n                    <\/a>\n                <\/div>\n                            <div class=\"p-4 text-center w-[222px] mx-[26px]\">\n                    <a href=\"mailto:mailto:jan@sidelinesports.com\"> <!-- \u0412\u0438\u043a\u043e\u0440\u0438\u0441\u0442\u043e\u0432\u0443\u0454\u043c\u043e mailto: \u0434\u043b\u044f email -->\n                        <img decoding=\"async\" src=\"https:\/\/sidelinesports.com\/wp-content\/uploads\/2024\/11\/1730510018354-1.jpeg\" class=\"w-[85px] rounded-full mb-6 mx-auto\" alt=\"profile image\">\n                        <div class=\"text-[16px] hover:underline decoration-blue-700 font-Inter font-bold text-[#3c434c] mt-5 text-center tracking-[-.02em]\">Jan Vol\u00e1k<\/div>\n                        <p class=\"font-normal font-Inter text-[12px] text-[#64707a] text-center mt-1\">Diretor de PR &amp; Marketing<\/p>\n                    <\/a>\n                <\/div>\n                            <div class=\"p-4 text-center w-[222px] mx-[26px]\">\n                    <a href=\"mailto:mailto:jack@sidelinesports.com\"> <!-- \u0412\u0438\u043a\u043e\u0440\u0438\u0441\u0442\u043e\u0432\u0443\u0454\u043c\u043e mailto: \u0434\u043b\u044f email -->\n                        <img decoding=\"async\" src=\"https:\/\/sidelinesports.com\/wp-content\/uploads\/2024\/11\/1653711055290-1.jpeg\" class=\"w-[85px] rounded-full mb-6 mx-auto\" alt=\"profile image\">\n                        <div class=\"text-[16px] hover:underline decoration-blue-700 font-Inter font-bold text-[#3c434c] mt-5 text-center tracking-[-.02em]\">Jack Scott<\/div>\n                        <p class=\"font-normal font-Inter text-[12px] text-[#64707a] text-center mt-1\">Diretor de Vendas na \u00c1sia &amp; Pacifico<\/p>\n                    <\/a>\n                <\/div>\n                            <div class=\"p-4 text-center w-[222px] mx-[26px]\">\n                    <a href=\"mailto:mailto:olivier@sidelinesports.com\"> <!-- \u0412\u0438\u043a\u043e\u0440\u0438\u0441\u0442\u043e\u0432\u0443\u0454\u043c\u043e mailto: \u0434\u043b\u044f email -->\n                        <img decoding=\"async\" src=\"https:\/\/sidelinesports.com\/wp-content\/uploads\/2024\/11\/1698170635588.jpeg\" class=\"w-[85px] rounded-full mb-6 mx-auto\" alt=\"profile image\">\n                        <div class=\"text-[16px] hover:underline decoration-blue-700 font-Inter font-bold text-[#3c434c] mt-5 text-center tracking-[-.02em]\">Olivier Prud&#039;Homme<\/div>\n                        <p class=\"font-normal font-Inter text-[12px] text-[#64707a] text-center mt-1\">Diretor de Vendas EUA &amp; Canad\u00e1 <\/p>\n                    <\/a>\n                <\/div>\n                            <div class=\"p-4 text-center w-[222px] mx-[26px]\">\n                    <a href=\"mailto:mailto:toni@sidelinesports.com\"> <!-- \u0412\u0438\u043a\u043e\u0440\u0438\u0441\u0442\u043e\u0432\u0443\u0454\u043c\u043e mailto: \u0434\u043b\u044f email -->\n                        <img decoding=\"async\" src=\"https:\/\/sidelinesports.com\/wp-content\/uploads\/2024\/11\/1683563486078-1.jpeg\" class=\"w-[85px] rounded-full mb-6 mx-auto\" alt=\"profile image\">\n                        <div class=\"text-[16px] hover:underline decoration-blue-700 font-Inter font-bold text-[#3c434c] mt-5 text-center tracking-[-.02em]\">Toni Kallio<\/div>\n                        <p class=\"font-normal font-Inter text-[12px] text-[#64707a] text-center mt-1\">Finl\u00e2ndia<\/p>\n                    <\/a>\n                <\/div>\n                            <div class=\"p-4 text-center w-[222px] mx-[26px]\">\n                    <a href=\"mailto:mailto:erwin@sidelinesports.com\"> <!-- \u0412\u0438\u043a\u043e\u0440\u0438\u0441\u0442\u043e\u0432\u0443\u0454\u043c\u043e mailto: \u0434\u043b\u044f email -->\n                        <img decoding=\"async\" src=\"https:\/\/sidelinesports.com\/wp-content\/uploads\/2024\/11\/2363_0x0-3.jpg\" class=\"w-[85px] rounded-full mb-6 mx-auto\" alt=\"profile image\">\n                        <div class=\"text-[16px] hover:underline decoration-blue-700 font-Inter font-bold text-[#3c434c] mt-5 text-center tracking-[-.02em]\">Erwin Gierlinger<\/div>\n                        <p class=\"font-normal font-Inter text-[12px] text-[#64707a] text-center mt-1\">\u00c1ustria<\/p>\n                    <\/a>\n                <\/div>\n                            <div class=\"p-4 text-center w-[222px] mx-[26px]\">\n                    <a href=\"mailto:mailto:skl@sidelinesports.com\"> <!-- \u0412\u0438\u043a\u043e\u0440\u0438\u0441\u0442\u043e\u0432\u0443\u0454\u043c\u043e mailto: \u0434\u043b\u044f email -->\n                        <img decoding=\"async\" src=\"https:\/\/sidelinesports.com\/wp-content\/uploads\/2024\/11\/nyhedsten.jpg\" class=\"w-[85px] rounded-full mb-6 mx-auto\" alt=\"profile image\">\n                        <div class=\"text-[16px] hover:underline decoration-blue-700 font-Inter font-bold text-[#3c434c] mt-5 text-center tracking-[-.02em]\">Sten Kaj Larsen<\/div>\n                        <p class=\"font-normal font-Inter text-[12px] text-[#64707a] text-center mt-1\">Dinamarca<\/p>\n                    <\/a>\n                <\/div>\n                            <div class=\"p-4 text-center w-[222px] mx-[26px]\">\n                    <a href=\"mailto:mailto:redha@sidelinesports.com\"> <!-- \u0412\u0438\u043a\u043e\u0440\u0438\u0441\u0442\u043e\u0432\u0443\u0454\u043c\u043e mailto: \u0434\u043b\u044f email -->\n                        <img decoding=\"async\" src=\"https:\/\/sidelinesports.com\/wp-content\/uploads\/2024\/11\/redha.png\" class=\"w-[85px] rounded-full mb-6 mx-auto\" alt=\"profile image\">\n                        <div class=\"text-[16px] hover:underline decoration-blue-700 font-Inter font-bold text-[#3c434c] mt-5 text-center tracking-[-.02em]\">Redha Almosawy<\/div>\n                        <p class=\"font-normal font-Inter text-[12px] text-[#64707a] text-center mt-1\">GCC<\/p>\n                    <\/a>\n                <\/div>\n                            <div class=\"p-4 text-center w-[222px] mx-[26px]\">\n                    <a href=\"mailto:mailto:uhlmann@sidelinesports.com\"> <!-- \u0412\u0438\u043a\u043e\u0440\u0438\u0441\u0442\u043e\u0432\u0443\u0454\u043c\u043e mailto: \u0434\u043b\u044f email -->\n                        <img decoding=\"async\" src=\"https:\/\/sidelinesports.com\/wp-content\/uploads\/2024\/11\/1638258298331.jpeg\" class=\"w-[85px] rounded-full mb-6 mx-auto\" alt=\"profile image\">\n                        <div class=\"text-[16px] hover:underline decoration-blue-700 font-Inter font-bold text-[#3c434c] mt-5 text-center tracking-[-.02em]\">Marc Uhlmann<\/div>\n                        <p class=\"font-normal font-Inter text-[12px] text-[#64707a] text-center mt-1\">Alemanha<\/p>\n                    <\/a>\n                <\/div>\n                            <div class=\"p-4 text-center w-[222px] mx-[26px]\">\n                    <a href=\"mailto:mailto:sandor@sidelinesports.com\"> <!-- \u0412\u0438\u043a\u043e\u0440\u0438\u0441\u0442\u043e\u0432\u0443\u0454\u043c\u043e mailto: \u0434\u043b\u044f email -->\n                        <img decoding=\"async\" src=\"https:\/\/sidelinesports.com\/wp-content\/uploads\/2024\/11\/1730838969879-1.jpeg\" class=\"w-[85px] rounded-full mb-6 mx-auto\" alt=\"profile image\">\n                        <div class=\"text-[16px] hover:underline decoration-blue-700 font-Inter font-bold text-[#3c434c] mt-5 text-center tracking-[-.02em]\">Sandor Virag<\/div>\n                        <p class=\"font-normal font-Inter text-[12px] text-[#64707a] text-center mt-1\">Hungr\u00eda<\/p>\n                    <\/a>\n                <\/div>\n                            <div class=\"p-4 text-center w-[222px] mx-[26px]\">\n                    <a href=\"mailto:mailto:patrizio@sidelinesports.com\"> <!-- \u0412\u0438\u043a\u043e\u0440\u0438\u0441\u0442\u043e\u0432\u0443\u0454\u043c\u043e mailto: \u0434\u043b\u044f email -->\n                        <img decoding=\"async\" src=\"https:\/\/sidelinesports.com\/wp-content\/uploads\/2024\/11\/pacifico-jpg-1.jpeg\" class=\"w-[85px] rounded-full mb-6 mx-auto\" alt=\"profile image\">\n                        <div class=\"text-[16px] hover:underline decoration-blue-700 font-Inter font-bold text-[#3c434c] mt-5 text-center tracking-[-.02em]\">Patrizio Pacifico<\/div>\n                        <p class=\"font-normal font-Inter text-[12px] text-[#64707a] text-center mt-1\">It\u00e1lia<\/p>\n                    <\/a>\n                <\/div>\n                            <div class=\"p-4 text-center w-[222px] mx-[26px]\">\n                    <a href=\"mailto:mailto:dvir@sidelinesports.com\"> <!-- \u0412\u0438\u043a\u043e\u0440\u0438\u0441\u0442\u043e\u0432\u0443\u0454\u043c\u043e mailto: \u0434\u043b\u044f email -->\n                        <img decoding=\"async\" src=\"https:\/\/sidelinesports.com\/wp-content\/uploads\/2024\/07\/Dvir-Goldshtein-300x300-1.jpeg\" class=\"w-[85px] rounded-full mb-6 mx-auto\" alt=\"profile image\">\n                        <div class=\"text-[16px] hover:underline decoration-blue-700 font-Inter font-bold text-[#3c434c] mt-5 text-center tracking-[-.02em]\">Dvir Goldshtein<\/div>\n                        <p class=\"font-normal font-Inter text-[12px] text-[#64707a] text-center mt-1\">Israel<\/p>\n                    <\/a>\n                <\/div>\n                            <div class=\"p-4 text-center w-[222px] mx-[26px]\">\n                    <a href=\"mailto:mailto:geir@sidelinesports.com\"> <!-- \u0412\u0438\u043a\u043e\u0440\u0438\u0441\u0442\u043e\u0432\u0443\u0454\u043c\u043e mailto: \u0434\u043b\u044f email -->\n                        <img decoding=\"async\" src=\"https:\/\/sidelinesports.com\/wp-content\/uploads\/2024\/07\/geir.jpg\" class=\"w-[85px] rounded-full mb-6 mx-auto\" alt=\"profile image\">\n                        <div class=\"text-[16px] hover:underline decoration-blue-700 font-Inter font-bold text-[#3c434c] mt-5 text-center tracking-[-.02em]\">Geir Martinsen<\/div>\n                        <p class=\"font-normal font-Inter text-[12px] text-[#64707a] text-center mt-1\">Noruega<\/p>\n                    <\/a>\n                <\/div>\n                            <div class=\"p-4 text-center w-[222px] mx-[26px]\">\n                    <a href=\"mailto:mailto:l.kalwa@sidelinesports.com\"> <!-- \u0412\u0438\u043a\u043e\u0440\u0438\u0441\u0442\u043e\u0432\u0443\u0454\u043c\u043e mailto: \u0434\u043b\u044f email -->\n                        <img decoding=\"async\" src=\"https:\/\/sidelinesports.com\/wp-content\/uploads\/2024\/11\/1684961399454-1.jpeg\" class=\"w-[85px] rounded-full mb-6 mx-auto\" alt=\"profile image\">\n                        <div class=\"text-[16px] hover:underline decoration-blue-700 font-Inter font-bold text-[#3c434c] mt-5 text-center tracking-[-.02em]\">\u0141ukasz Kalwa<\/div>\n                        <p class=\"font-normal font-Inter text-[12px] text-[#64707a] text-center mt-1\">Pol\u00f3nia<\/p>\n                    <\/a>\n                <\/div>\n                            <div class=\"p-4 text-center w-[222px] mx-[26px]\">\n                    <a href=\"mailto:mailto:miguel@sidelinesports.com\"> <!-- \u0412\u0438\u043a\u043e\u0440\u0438\u0441\u0442\u043e\u0432\u0443\u0454\u043c\u043e mailto: \u0434\u043b\u044f email -->\n                        <img decoding=\"async\" src=\"https:\/\/sidelinesports.com\/wp-content\/uploads\/2024\/11\/1647282385106-1.jpeg\" class=\"w-[85px] rounded-full mb-6 mx-auto\" alt=\"profile image\">\n                        <div class=\"text-[16px] hover:underline decoration-blue-700 font-Inter font-bold text-[#3c434c] mt-5 text-center tracking-[-.02em]\">Miguel Vasconcelos<\/div>\n                        <p class=\"font-normal font-Inter text-[12px] text-[#64707a] text-center mt-1\">Portugal<\/p>\n                    <\/a>\n                <\/div>\n                            <div class=\"p-4 text-center w-[222px] mx-[26px]\">\n                    <a href=\"mailto:mailto:alex@sidelinesports.com\"> <!-- \u0412\u0438\u043a\u043e\u0440\u0438\u0441\u0442\u043e\u0432\u0443\u0454\u043c\u043e mailto: \u0434\u043b\u044f email -->\n                        <img decoding=\"async\" src=\"https:\/\/sidelinesports.com\/wp-content\/uploads\/2024\/11\/1634029719649.jpeg\" class=\"w-[85px] rounded-full mb-6 mx-auto\" alt=\"profile image\">\n                        <div class=\"text-[16px] hover:underline decoration-blue-700 font-Inter font-bold text-[#3c434c] mt-5 text-center tracking-[-.02em]\">Alex Nogu\u00e9s<\/div>\n                        <p class=\"font-normal font-Inter text-[12px] text-[#64707a] text-center mt-1\">Espanha<\/p>\n                    <\/a>\n                <\/div>\n                            <div class=\"p-4 text-center w-[222px] mx-[26px]\">\n                    <a href=\"mailto:mailto:michal@sidelinesports.com\"> <!-- \u0412\u0438\u043a\u043e\u0440\u0438\u0441\u0442\u043e\u0432\u0443\u0454\u043c\u043e mailto: \u0434\u043b\u044f email -->\n                        <img decoding=\"async\" src=\"https:\/\/sidelinesports.com\/wp-content\/uploads\/2024\/07\/Michal-Rybka-1.jpg\" class=\"w-[85px] rounded-full mb-6 mx-auto\" alt=\"profile image\">\n                        <div class=\"text-[16px] hover:underline decoration-blue-700 font-Inter font-bold text-[#3c434c] mt-5 text-center tracking-[-.02em]\">Michal Rybka<\/div>\n                        <p class=\"font-normal font-Inter text-[12px] text-[#64707a] text-center mt-1\">Su\u00ed\u00e7a<\/p>\n                    <\/a>\n                <\/div>\n                            <div class=\"p-4 text-center w-[222px] mx-[26px]\">\n                    <a href=\"mailto:mailto:rostislav@sidelinesports.com\"> <!-- \u0412\u0438\u043a\u043e\u0440\u0438\u0441\u0442\u043e\u0432\u0443\u0454\u043c\u043e mailto: \u0434\u043b\u044f email -->\n                        <img decoding=\"async\" src=\"https:\/\/sidelinesports.com\/wp-content\/uploads\/2024\/07\/rostislav-1.jpg\" class=\"w-[85px] rounded-full mb-6 mx-auto\" alt=\"profile image\">\n                        <div class=\"text-[16px] hover:underline decoration-blue-700 font-Inter font-bold text-[#3c434c] mt-5 text-center tracking-[-.02em]\">Rostislav Grinishin<\/div>\n                        <p class=\"font-normal font-Inter text-[12px] text-[#64707a] text-center mt-1\">Ucr\u00e2nia<\/p>\n                    <\/a>\n                <\/div>\n                            <div class=\"p-4 text-center w-[222px] mx-[26px]\">\n                    <a href=\"mailto:mailto:bilal.suman@sidelinesports.com\"> <!-- \u0412\u0438\u043a\u043e\u0440\u0438\u0441\u0442\u043e\u0432\u0443\u0454\u043c\u043e mailto: \u0434\u043b\u044f email -->\n                        <img decoding=\"async\" src=\"https:\/\/sidelinesports.com\/wp-content\/uploads\/2024\/07\/bilal.jpg\" class=\"w-[85px] rounded-full mb-6 mx-auto\" alt=\"profile image\">\n                        <div class=\"text-[16px] hover:underline decoration-blue-700 font-Inter font-bold text-[#3c434c] mt-5 text-center tracking-[-.02em]\">Bilal Suman<\/div>\n                        <p class=\"font-normal font-Inter text-[12px] text-[#64707a] text-center mt-1\">Diretor da An\u00e1lise de V\u00eddeo<\/p>\n                    <\/a>\n                <\/div>\n                        <\/div>\n    <\/div>\n<\/section>\n\n<div class=\"footer_before pb-[90px] md:pb-[120px] pt-[120px] md:pt-[150px] ffgdfggdff\">\r\n        <div class=\"max-w-[1140px] mx-auto text-center flex flex-col items-center justify-center px-10\">\r\n            <div class=\"text-white font-Inter font-bold md:text-[48px] text-[30px] sm:text-[40px] mb-[44px] leading-[1.1] tracking-[-.02em]\">\u00c9 tempo de come\u00e7ar<\/div>\r\n                        <div>\r\n                <button class=\"try_xps_about h-[57px] px-3 text-white hover:bg-[#4b9e00] bg-[#57b700] text-center inline-flex items-center justify-center rounded-md uppercase font-bold font-Inter text-[14px] sm:text-[16px] tracking-[.02em] \">Experimenta a XPS gratuitamente<\/button>\r\n                <p class=\"font-Inter opacity-[0.85] text-white mt-4\">N\u00e3o \u00e9 necess\u00e1rio cart\u00e3o de cr\u00e9dito.<\/p>\r\n            <\/div>\r\n                        \r\n        <\/div>\r\n<\/div>","protected":false},"excerpt":{"rendered":"","protected":false},"author":23,"featured_media":0,"parent":0,"menu_order":0,"comment_status":"closed","ping_status":"closed","template":"Full-width.php","meta":{"_acf_changed":false,"content-type":"","footnotes":""},"class_list":["post-35147","page","type-page","status-publish","hentry"],"acf":[],"_links":{"self":[{"href":"https:\/\/sidelinesports.com\/pt\/wp-json\/wp\/v2\/pages\/35147","targetHints":{"allow":["GET"]}}],"collection":[{"href":"https:\/\/sidelinesports.com\/pt\/wp-json\/wp\/v2\/pages"}],"about":[{"href":"https:\/\/sidelinesports.com\/pt\/wp-json\/wp\/v2\/types\/page"}],"author":[{"embeddable":true,"href":"https:\/\/sidelinesports.com\/pt\/wp-json\/wp\/v2\/users\/23"}],"replies":[{"embeddable":true,"href":"https:\/\/sidelinesports.com\/pt\/wp-json\/wp\/v2\/comments?post=35147"}],"version-history":[{"count":0,"href":"https:\/\/sidelinesports.com\/pt\/wp-json\/wp\/v2\/pages\/35147\/revisions"}],"wp:attachment":[{"href":"https:\/\/sidelinesports.com\/pt\/wp-json\/wp\/v2\/media?parent=35147"}],"curies":[{"name":"wp","href":"https:\/\/api.w.org\/{rel}","templated":true}]}}