{"id":29403,"date":"2024-07-23T13:40:22","date_gmt":"2024-07-23T13:40:22","guid":{"rendered":"https:\/\/sidelinesports.com\/do-pobrania\/"},"modified":"2024-12-16T14:01:37","modified_gmt":"2024-12-16T14:01:37","slug":"downloads","status":"publish","type":"page","link":"https:\/\/sidelinesports.com\/pl\/downloads\/","title":{"rendered":"Do pobrania"},"content":{"rendered":"\n<section class=\"pt-[90px] md:pt-[145px] pb-10\">\n    <div class=\"max-w-[1080px] mx-auto px-4\">\n        <div>\n            <h1 class=\"md:text-[48px] text-[24px] text-[#3c434c] font-bold font-Inter tracking-[-.02em] leading-[25px] md:leading-[49px] text-center mb-[46px]\">Pobierz XPS Network na wszystkie swoje urz\u0105dzenia<\/h1>\n            <p class=\"text-[16px] text-[#3c434c] font-Inter font-normal text-center tracking-[-.02em]\">XPS Network dzia\u0142a p\u0142ynnie mi\u0119dzy komputerami Mac, Windows, iOS i Android<\/p>\n        <\/div>\n    <\/div>\n<\/section>\n\n\n<section class=\"pt-14 pb-[140px]\">\n    <div class=\"max-w-[330px] lg:max-w-[660px] mx-auto\">\n        <div class=\"grid grid-cols-1 lg:grid-cols-2 gap-[20px]\">\n                                                <div class=\"bg-white w-full px-[30px] pb-[40px] download_ transition-all duration-200 ease-in-out\">\n                        <img decoding=\"async\" src=\"https:\/\/sidelinesports.com\/wp-content\/uploads\/2024\/07\/lap_mac-66347bd73d14456806e0fa75a8a0b747.webp\" class=\"mt-[47px] mb-[34px]\" alt=\"icon\">\n                        <div class=\"relative\">\n                                                                                        <div class=\"for_play_hover flex items-center justify-center md:justify-start dropdownButton\">\n                                    <a href=\"javascript:void(0)\" class=\"without-play h-[60px] px-5 text-white text-[16px] uppercase bg-[#57b700] inline-flex items-center justify-center rounded-l-lg font-bold font-Inter tracking-[.02em]\">\n                                    Mac                                    <\/a>\n                                    <a href=\"javascript:void(0)\" class=\"play w-[60px] h-[60px] bg-[#7c0] flex items-center justify-center rounded-r-lg tracking-[.02em]\">\n                                        <img decoding=\"async\" class=\"w-[18px] h-[22px]\" src=\"https:\/\/sidelinesports.com\/wp-content\/uploads\/2024\/07\/download-19.svg\" alt=\"icon\">\n                                    <\/a>\n                                <\/div>\n                                                        <div class=\"dropdown_\">\n                                <ul class=\"px-3 text-left pb-5 py-2 flex flex-col\">\n                                                                                                                        <a class=\"text-[#3c434c] text-[16px] font-Inter px-[5px] hover:bg-[#f2f2f2] w-full py-[10px] tracking-[.02em]\" href=\"https:\/\/xps-fast.s3-accelerate.amazonaws.com\/installers\/mac-m1\/XPS.pkg\" target=\"_blank\" rel=\"noopener\">macOS M (Apple Silicon)<\/a>\n                                                                                    <a class=\"text-[#3c434c] text-[16px] font-Inter px-[5px] hover:bg-[#f2f2f2] w-full py-[10px] tracking-[.02em]\" href=\"https:\/\/xps-fast.s3-accelerate.amazonaws.com\/installers\/XPS.pkg\" target=\"_blank\" rel=\"noopener\">macOS (Intel)<\/a>\n                                                                                    <a class=\"text-[#3c434c] text-[16px] font-Inter px-[5px] hover:bg-[#f2f2f2] w-full py-[10px] tracking-[.02em]\" href=\"https:\/\/xps-fast.s3-accelerate.amazonaws.com\/installers\/XPS.zip\" target=\"_blank\" rel=\"noopener\">macOS (10.11 or 10.12)<\/a>\n                                                                                    <a class=\"text-[#3c434c] text-[16px] font-Inter px-[5px] hover:bg-[#f2f2f2] w-full py-[10px] tracking-[.02em]\" href=\"https:\/\/xps-fast.s3.amazonaws.com\/installers\/XPSJ8.pkg\" target=\"_blank\" rel=\"noopener\">macOS (10.10 or older)<\/a>\n                                                                                                            <\/ul>\n                            <\/div>\n                        <\/div>\n                    <\/div>\n                                    <div class=\"bg-white w-full px-[30px] pb-[40px] download_ transition-all duration-200 ease-in-out\">\n                        <img decoding=\"async\" src=\"https:\/\/sidelinesports.com\/wp-content\/uploads\/2024\/07\/lap_windows-87c0e44484917a6fec109f15c8dead39.webp\" class=\"mt-[47px] mb-[34px]\" alt=\"icon\">\n                        <div class=\"relative\">\n                                                         \n                                <div class=\"flex items-center justify-center md:justify-start\">\n                                                                        <a href=\"https:\/\/xps-fast.s3-accelerate.amazonaws.com\/installers\/XPS%2BNetwork.msi\" class=\"download_button h-[60px] px-5 text-white text-[16px] uppercase hover:bg-[#4b9e00] bg-[#57b700] inline-flex items-center justify-center rounded font-bold font-Inter\" target=\"_blank\" rel=\"noopener\">\n                                        Windows                                    <\/a>\n                                <\/div>\n                                                        <div class=\"dropdown_\">\n                                <ul class=\"px-3 text-left pb-5 py-2 flex flex-col\">\n                                                                    <\/ul>\n                            <\/div>\n                        <\/div>\n                    <\/div>\n                                    <div class=\"bg-white w-full px-[30px] pb-[40px] download_ transition-all duration-200 ease-in-out\">\n                        <img decoding=\"async\" src=\"https:\/\/sidelinesports.com\/wp-content\/uploads\/2024\/07\/download.webp\" class=\"mt-[47px] mb-[34px]\" alt=\"icon\">\n                        <div class=\"relative\">\n                                                         \n                                <div class=\"flex items-center justify-center md:justify-start\">\n                                                                        <a href=\"https:\/\/itunes.apple.com\/is\/app\/xps-network\/id878771840?mt=8\" class=\"download_button h-[60px] px-5 text-white text-[16px] uppercase hover:bg-[#4b9e00] bg-[#57b700] inline-flex items-center justify-center rounded font-bold font-Inter\" target=\"_blank\" rel=\"noopener\">\n                                        IOS                                    <\/a>\n                                <\/div>\n                                                        <div class=\"dropdown_\">\n                                <ul class=\"px-3 text-left pb-5 py-2 flex flex-col\">\n                                                                    <\/ul>\n                            <\/div>\n                        <\/div>\n                    <\/div>\n                                    <div class=\"bg-white w-full px-[30px] pb-[40px] download_ transition-all duration-200 ease-in-out\">\n                        <img decoding=\"async\" src=\"https:\/\/sidelinesports.com\/wp-content\/uploads\/2024\/07\/download-4.webp\" class=\"mt-[47px] mb-[34px]\" alt=\"icon\">\n                        <div class=\"relative\">\n                                                         \n                                <div class=\"flex items-center justify-center md:justify-start\">\n                                                                        <a href=\"https:\/\/play.google.com\/store\/apps\/details?id=com.xpsnetwork.android&#038;hl=pl\" class=\"download_button h-[60px] px-5 text-white text-[16px] uppercase hover:bg-[#4b9e00] bg-[#57b700] inline-flex items-center justify-center rounded font-bold font-Inter\" target=\"_blank\" rel=\"noopener\">\n                                        Android                                    <\/a>\n                                <\/div>\n                                                        <div class=\"dropdown_\">\n                                <ul class=\"px-3 text-left pb-5 py-2 flex flex-col\">\n                                                                    <\/ul>\n                            <\/div>\n                        <\/div>\n                    <\/div>\n                                    <\/div>\n    <\/div>\n<\/section>","protected":false},"excerpt":{"rendered":"","protected":false},"author":23,"featured_media":0,"parent":0,"menu_order":0,"comment_status":"closed","ping_status":"closed","template":"Full-width.php","meta":{"_acf_changed":false,"content-type":"","footnotes":""},"class_list":["post-29403","page","type-page","status-publish","hentry"],"acf":[],"_links":{"self":[{"href":"https:\/\/sidelinesports.com\/pl\/wp-json\/wp\/v2\/pages\/29403","targetHints":{"allow":["GET"]}}],"collection":[{"href":"https:\/\/sidelinesports.com\/pl\/wp-json\/wp\/v2\/pages"}],"about":[{"href":"https:\/\/sidelinesports.com\/pl\/wp-json\/wp\/v2\/types\/page"}],"author":[{"embeddable":true,"href":"https:\/\/sidelinesports.com\/pl\/wp-json\/wp\/v2\/users\/23"}],"replies":[{"embeddable":true,"href":"https:\/\/sidelinesports.com\/pl\/wp-json\/wp\/v2\/comments?post=29403"}],"version-history":[{"count":0,"href":"https:\/\/sidelinesports.com\/pl\/wp-json\/wp\/v2\/pages\/29403\/revisions"}],"wp:attachment":[{"href":"https:\/\/sidelinesports.com\/pl\/wp-json\/wp\/v2\/media?parent=29403"}],"curies":[{"name":"wp","href":"https:\/\/api.w.org\/{rel}","templated":true}]}}