{"id":31751,"date":"2024-07-23T13:25:14","date_gmt":"2024-07-23T13:25:14","guid":{"rendered":"https:\/\/sidelinesports.com\/par-mums\/"},"modified":"2025-01-30T14:12:22","modified_gmt":"2025-01-30T14:12:22","slug":"about","status":"publish","type":"page","link":"https:\/\/sidelinesports.com\/lv\/about\/","title":{"rendered":"Par mums"},"content":{"rendered":"<section class=\"pt-20 md:pb-[350px] pb-[160px] mt-[-108px] about_hero z-[-1]\"  style=\"background:linear-gradient(0deg, #C140AC 5%, #003E75 100%)\">\r\n    <div class=\"max-w-[1180px] mx-auto\">\r\n        <h1 class=\"font-bold font-Inter md:text-[48px] text-[24px] w-[260px] md:w-full leading-[24px] text-center mx-auto md:pt-28 pt-14 pb-8 md:pb-28 text-white\" style=\"letter-spacing: -.02em;\">\r\n            Pal\u012bdzam treneriem un sportistiem        <\/h1>\r\n    <\/div>\r\n<\/section>\r\n\r\n<section class=\"powerful md:mt-[-274px] mt-[-150px] lg:mx-0 mx-6\">\r\n    <div class=\"About_main_img xl:w-[1160px] md:h-[600px] mx-auto\">\r\n                    <div class=\"iframe w-full h-full\">\r\n                <iframe src=\"https:\/\/player.vimeo.com\/video\/334479471?autoplay=1&amp;loop=1&amp;autopause=0\" frameborder=\"0\" allowfullscreen=\"\" allow=\"autoplay\"><\/iframe>\r\n            <\/div>\r\n            <\/div>\r\n<\/section>\n\n<section class=\"md:py-[80px] py-[50px]\">\n     <div class=\"max-w-[1160px] mx-auto px-4\">\n                        <div class=\"flex md:flex-row flex-col-reverse items-center md:items-end md:gap-10 gap-5\">\n                            \n            <div class=\"md:w-[700px]\">\n                    <h2 class=\"font-bold text-[#3c434c] text-center md:text-start md:text-[48px] text-[30px] leading-[35px] md:leading-[49px] md:my-[50px] my-5 font-Inter tracking-[-.02em]\">Sasniedz izcilu sniegumu<\/h2>\n                    <p class=\"text-[#3c434c] md:text-[#647072] font-Inter leading-[22px] text-center md:text-start tracking-[-.02em]\">Uz\u0146\u0113mums Sideline Sports tika dibin\u0101ts 2001. gad\u0101. M\u0113s s\u0101k\u0101m darb\u012bbu 3 cilv\u0113ku sast\u0101v\u0101 un \u0161odien m\u0113s esam uz\u0146\u0113mums, kur\u0101 ir vair\u0101k nek\u0101 30 cilv\u0113ki. M\u016bsu galvenie biroji atrodas Island\u0113 un Zviedrij\u0101, un liel\u0101k\u0101 da\u013ca no mums str\u0101d\u0101 att\u0101lin\u0101ti, t\u0101p\u0113c j\u016bs varat atrast m\u016bs vis\u0101 pasaul\u0113.  <br><br>\n Jau divas desmitgades m\u0113s pal\u012bdzam saviem klientiem k\u013c\u016bt organiz\u0113t\u0101kiem un efekt\u012bv\u0101kiem uzlabojot sazi\u0146u un nodro\u0161inot piek\u013cuvi datiem kas veicina l\u0113mumu pie\u0146em\u0161anu.<br><br>\n M\u016bsu galvenais produkts ir XPS Network platforma treneriem, m\u016bsu klientu vid\u016b ir gan lieli un paz\u012bstami, gan maz\u0101ki sporta klubi, komandas un organiz\u0101cijas,<br><br>\n M\u0113s lepojamies ar saviem pan\u0101kumiem un turpin\u0101sim celt lati\u0146u, nodro\u0161inot progres\u012bvus programmat\u016bras risin\u0101jumus visu sporta veidu treneriem vis\u0101 pasaul\u0113. Mums \u0161\u0137iet, ka m\u0113s tikai s\u0101kam! <\/p>\n            <\/div>\n                        <div class=\"flex-grow flex justify-center md:justify-end items-center\">\n                            <img decoding=\"async\" src=\"https:\/\/sidelinesports.com\/wp-content\/uploads\/2024\/07\/xps-1-300x298-1-e1724100047584.webp\" class=\"md:w-[320px] w-[210px] h-[210px] md:h-[318px]\" alt=\"media\">\n            <\/div>\n        <\/div>\n     <\/div>\n<\/section>\n\n<section class=\"md:py-[80px] py-[50px]\">\n     <div class=\"max-w-[1160px] mx-auto px-4\">\n                    <div class=\"flex md:flex-row-reverse flex-col-reverse items-center   \">\n                            \n            <div class=\"md:w-[700px]\">\n                    <h2 class=\"font-bold text-[#3c434c] text-center md:text-start md:text-[30px] text-[30px] leading-[35px] md:leading-[1.1] md:my-[25px] my-5 font-Inter tracking-[-.02em]\">Saglab\u0101jiet vienk\u0101r\u0161\u012bbu<\/h2>\n                    <p class=\"text-[#3c434c] md:text-[#647072] font-Inter leading-[22px] text-center md:text-start tracking-[-.02em]\">M\u0113s \u013coti ticam vienk\u0101r\u0161ibas sp\u0113kam, un m\u016bsu priorit\u0101tes vienm\u0113r ir biju\u0161as vienas un t\u0101s pa\u0161as:sniegt lielisku pakalpojumu, izvedot lab\u0101kos produktus \u0161aj\u0101 jom\u0101.\nN\u0101kamaj\u0101s desmitgad\u0113s m\u0113s turpin\u0101sim koncentr\u0113ties uz m\u016bsu produktu att\u012bst\u012bbu un lieto\u0161an\u0101s \u0113rtumu, vienm\u0113r paturot pr\u0101t\u0101 vienu un to pa\u0161u galveno m\u0113\u0157ki:atbalst\u012bt trenerus, komandas un sportistus att\u012bst\u012bb\u0101.\n\n<\/p>\n            <\/div>\n                        <div class=\"flex-grow flex justify-center md:justify-start items-center\">\n                            <img decoding=\"async\" src=\"https:\/\/sidelinesports.com\/wp-content\/uploads\/2024\/08\/simple.webp\" class=\"md:w-[320px] w-[210px] h-[210px] md:h-[318px]\" alt=\"media\">\n            <\/div>\n        <\/div>\n     <\/div>\n<\/section>\n\n<section class=\"md:py-[80px] py-[50px]\">\n     <div class=\"max-w-[1160px] mx-auto px-4\">\n                        <div class=\"flex md:flex-row flex-col-reverse items-center  md:gap-10 gap-5\">\n                            \n            <div class=\"md:w-[700px]\">\n                    <h2 class=\"font-bold text-[#3c434c] text-center md:text-start md:text-[30px] text-[30px] leading-[35px] md:leading-[1.1] md:my-[25px] my-5 font-Inter tracking-[-.02em]\">J\u016bsu r\u012bc\u012bb\u0101<\/h2>\n                    <p class=\"text-[#3c434c] md:text-[#647072] font-Inter leading-[22px] text-center md:text-start tracking-[-.02em]\"><a style=\"color:#0000EE;text-decoration:underline\" href=\"mailto:info@sidelinesports.com\">Ja Jums ir k\u0101di jaut\u0101jumi, l\u016bdzam s\u016bt\u012bt uz epastu:info@sidelinesports.com<\/a>. <br>Ja J\u016bs esat m\u016bsu klients un v\u0113laties sazin\u0101ties ar k\u0101du no klientu atbalsta, l\u016bdzam s\u016bt\u012bt epastu uz: <a style=\"color:#0000EE;text-decoration:underline\" href=\"mailto:support@sidelinesports.com\">support@sidelinesports.com<\/a>. \n<br><br>\nJa J\u016bs v\u0113laties k\u013c\u016bt par m\u016bsu klientu, m\u0113s priec\u0101simies Jums pal\u012bdz\u0113t.<br>Paldies, ka apmekl\u0113j\u0101t Sideline Sports.  \n\n\n<\/p>\n            <\/div>\n                        <div class=\"flex-grow flex justify-center md:justify-end items-center\">\n                            <img decoding=\"async\" src=\"https:\/\/sidelinesports.com\/wp-content\/uploads\/2024\/08\/download-15.webp\" class=\"md:w-[320px] w-[210px] h-[210px] md:h-[318px]\" alt=\"media\">\n            <\/div>\n        <\/div>\n     <\/div>\n<\/section>\n\n<section class=\"md:my-[200px] my-20\">\n    <div class=\"w-full mx-auto px-3\">\n        <h3 class=\"font-bold text-[#3c434c] font-Inter text-[30px] md:text-[2.25rem] leading-[30px] md:leading-[49px] text-center\">Management<\/h3>\n    <div class=\"flex flex-wrap justify-center mt-[100px]\">\n                                    <div class=\"p-4 text-center w-[222px] mx-[26px]\">\n                    <a href=\"mailto:mailto:gustav@sidelinesports.com\"> <!-- \u0412\u0438\u043a\u043e\u0440\u0438\u0441\u0442\u043e\u0432\u0443\u0454\u043c\u043e mailto: \u0434\u043b\u044f email -->\n                        <img decoding=\"async\" src=\"https:\/\/sidelinesports.com\/wp-content\/uploads\/2024\/11\/1686577370966-1.jpeg\" class=\"w-[85px] rounded-full mb-6 mx-auto\" alt=\"profile image\">\n                        <div class=\"text-[16px] hover:underline decoration-blue-700 font-Inter font-bold text-[#3c434c] mt-5 text-center tracking-[-.02em]\">Gustav Rosqvist<\/div>\n                        <p class=\"font-normal font-Inter text-[12px] text-[#64707a] text-center mt-1\">Biznesa att\u012bst\u012bbas direktors<\/p>\n                    <\/a>\n                <\/div>\n                            <div class=\"p-4 text-center w-[222px] mx-[26px]\">\n                    <a href=\"mailto:mailto:orri@sidelinesports.com\"> <!-- \u0412\u0438\u043a\u043e\u0440\u0438\u0441\u0442\u043e\u0432\u0443\u0454\u043c\u043e mailto: \u0434\u043b\u044f email -->\n                        <img decoding=\"async\" src=\"https:\/\/sidelinesports.com\/wp-content\/uploads\/2024\/07\/orri-300x300-1.jpg\" class=\"w-[85px] rounded-full mb-6 mx-auto\" alt=\"profile image\">\n                        <div class=\"text-[16px] hover:underline decoration-blue-700 font-Inter font-bold text-[#3c434c] mt-5 text-center tracking-[-.02em]\">Orri Sigurdsson<\/div>\n                        <p class=\"font-normal font-Inter text-[12px] text-[#64707a] text-center mt-1\">Klientu atbalsta direktors<\/p>\n                    <\/a>\n                <\/div>\n                            <div class=\"p-4 text-center w-[222px] mx-[26px]\">\n                    <a href=\"mailto:mailto:jakoubek@sidelinesports.com\"> <!-- \u0412\u0438\u043a\u043e\u0440\u0438\u0441\u0442\u043e\u0432\u0443\u0454\u043c\u043e mailto: \u0434\u043b\u044f email -->\n                        <img decoding=\"async\" src=\"https:\/\/sidelinesports.com\/wp-content\/uploads\/2024\/11\/w800h450et1659962880-2.png\" class=\"w-[85px] rounded-full mb-6 mx-auto\" alt=\"profile image\">\n                        <div class=\"text-[16px] hover:underline decoration-blue-700 font-Inter font-bold text-[#3c434c] mt-5 text-center tracking-[-.02em]\">Ji\u0159\u00ed Jakoubek<\/div>\n                        <p class=\"font-normal font-Inter text-[12px] text-[#64707a] text-center mt-1\">Eiropas p\u0101rdo\u0161anas VP<\/p>\n                    <\/a>\n                <\/div>\n                            <div class=\"p-4 text-center w-[222px] mx-[26px]\">\n                    <a href=\"mailto:mailto:jan@sidelinesports.com\"> <!-- \u0412\u0438\u043a\u043e\u0440\u0438\u0441\u0442\u043e\u0432\u0443\u0454\u043c\u043e mailto: \u0434\u043b\u044f email -->\n                        <img decoding=\"async\" src=\"https:\/\/sidelinesports.com\/wp-content\/uploads\/2024\/11\/1730510018354-1.jpeg\" class=\"w-[85px] rounded-full mb-6 mx-auto\" alt=\"profile image\">\n                        <div class=\"text-[16px] hover:underline decoration-blue-700 font-Inter font-bold text-[#3c434c] mt-5 text-center tracking-[-.02em]\">Jan Vol\u00e1k<\/div>\n                        <p class=\"font-normal font-Inter text-[12px] text-[#64707a] text-center mt-1\">PR un m\u0101rketinga direktors<\/p>\n                    <\/a>\n                <\/div>\n                            <div class=\"p-4 text-center w-[222px] mx-[26px]\">\n                    <a href=\"mailto:mailto:jack@sidelinesports.com\"> <!-- \u0412\u0438\u043a\u043e\u0440\u0438\u0441\u0442\u043e\u0432\u0443\u0454\u043c\u043e mailto: \u0434\u043b\u044f email -->\n                        <img decoding=\"async\" src=\"https:\/\/sidelinesports.com\/wp-content\/uploads\/2024\/11\/1653711055290-1.jpeg\" class=\"w-[85px] rounded-full mb-6 mx-auto\" alt=\"profile image\">\n                        <div class=\"text-[16px] hover:underline decoration-blue-700 font-Inter font-bold text-[#3c434c] mt-5 text-center tracking-[-.02em]\">Jack Scott<\/div>\n                        <p class=\"font-normal font-Inter text-[12px] text-[#64707a] text-center mt-1\">P\u0101rdo\u0161anas direktors \u0100zijas un Klus\u0101 oke\u0101na re\u0123ions<\/p>\n                    <\/a>\n                <\/div>\n                            <div class=\"p-4 text-center w-[222px] mx-[26px]\">\n                    <a href=\"mailto:mailto:olivier@sidelinesports.com\"> <!-- \u0412\u0438\u043a\u043e\u0440\u0438\u0441\u0442\u043e\u0432\u0443\u0454\u043c\u043e mailto: \u0434\u043b\u044f email -->\n                        <img decoding=\"async\" src=\"https:\/\/sidelinesports.com\/wp-content\/uploads\/2024\/11\/1698170635588.jpeg\" class=\"w-[85px] rounded-full mb-6 mx-auto\" alt=\"profile image\">\n                        <div class=\"text-[16px] hover:underline decoration-blue-700 font-Inter font-bold text-[#3c434c] mt-5 text-center tracking-[-.02em]\">Olivier Prud&#039;Homme<\/div>\n                        <p class=\"font-normal font-Inter text-[12px] text-[#64707a] text-center mt-1\">P\u0101rdo\u0161anas direktors ASV un Kan\u0101da <\/p>\n                    <\/a>\n                <\/div>\n                            <div class=\"p-4 text-center w-[222px] mx-[26px]\">\n                    <a href=\"mailto:mailto:toni@sidelinesports.com\"> <!-- \u0412\u0438\u043a\u043e\u0440\u0438\u0441\u0442\u043e\u0432\u0443\u0454\u043c\u043e mailto: \u0434\u043b\u044f email -->\n                        <img decoding=\"async\" src=\"https:\/\/sidelinesports.com\/wp-content\/uploads\/2024\/11\/1683563486078-1.jpeg\" class=\"w-[85px] rounded-full mb-6 mx-auto\" alt=\"profile image\">\n                        <div class=\"text-[16px] hover:underline decoration-blue-700 font-Inter font-bold text-[#3c434c] mt-5 text-center tracking-[-.02em]\">Toni Kallio<\/div>\n                        <p class=\"font-normal font-Inter text-[12px] text-[#64707a] text-center mt-1\">Somija<\/p>\n                    <\/a>\n                <\/div>\n                            <div class=\"p-4 text-center w-[222px] mx-[26px]\">\n                    <a href=\"mailto:mailto:erwin@sidelinesports.com\"> <!-- \u0412\u0438\u043a\u043e\u0440\u0438\u0441\u0442\u043e\u0432\u0443\u0454\u043c\u043e mailto: \u0434\u043b\u044f email -->\n                        <img decoding=\"async\" src=\"https:\/\/sidelinesports.com\/wp-content\/uploads\/2024\/11\/2363_0x0-3.jpg\" class=\"w-[85px] rounded-full mb-6 mx-auto\" alt=\"profile image\">\n                        <div class=\"text-[16px] hover:underline decoration-blue-700 font-Inter font-bold text-[#3c434c] mt-5 text-center tracking-[-.02em]\">Erwin Gierlinger<\/div>\n                        <p class=\"font-normal font-Inter text-[12px] text-[#64707a] text-center mt-1\">Austrija<\/p>\n                    <\/a>\n                <\/div>\n                            <div class=\"p-4 text-center w-[222px] mx-[26px]\">\n                    <a href=\"mailto:mailto:skl@sidelinesports.com\"> <!-- \u0412\u0438\u043a\u043e\u0440\u0438\u0441\u0442\u043e\u0432\u0443\u0454\u043c\u043e mailto: \u0434\u043b\u044f email -->\n                        <img decoding=\"async\" src=\"https:\/\/sidelinesports.com\/wp-content\/uploads\/2024\/11\/nyhedsten.jpg\" class=\"w-[85px] rounded-full mb-6 mx-auto\" alt=\"profile image\">\n                        <div class=\"text-[16px] hover:underline decoration-blue-700 font-Inter font-bold text-[#3c434c] mt-5 text-center tracking-[-.02em]\">Sten Kaj Larsen<\/div>\n                        <p class=\"font-normal font-Inter text-[12px] text-[#64707a] text-center mt-1\">D\u0101nija<\/p>\n                    <\/a>\n                <\/div>\n                            <div class=\"p-4 text-center w-[222px] mx-[26px]\">\n                    <a href=\"mailto:mailto:redha@sidelinesports.com\"> <!-- \u0412\u0438\u043a\u043e\u0440\u0438\u0441\u0442\u043e\u0432\u0443\u0454\u043c\u043e mailto: \u0434\u043b\u044f email -->\n                        <img decoding=\"async\" src=\"https:\/\/sidelinesports.com\/wp-content\/uploads\/2024\/11\/redha.png\" class=\"w-[85px] rounded-full mb-6 mx-auto\" alt=\"profile image\">\n                        <div class=\"text-[16px] hover:underline decoration-blue-700 font-Inter font-bold text-[#3c434c] mt-5 text-center tracking-[-.02em]\">Redha Almosawy<\/div>\n                        <p class=\"font-normal font-Inter text-[12px] text-[#64707a] text-center mt-1\">GCC<\/p>\n                    <\/a>\n                <\/div>\n                            <div class=\"p-4 text-center w-[222px] mx-[26px]\">\n                    <a href=\"mailto:mailto:uhlmann@sidelinesports.com\"> <!-- \u0412\u0438\u043a\u043e\u0440\u0438\u0441\u0442\u043e\u0432\u0443\u0454\u043c\u043e mailto: \u0434\u043b\u044f email -->\n                        <img decoding=\"async\" src=\"https:\/\/sidelinesports.com\/wp-content\/uploads\/2024\/11\/1638258298331.jpeg\" class=\"w-[85px] rounded-full mb-6 mx-auto\" alt=\"profile image\">\n                        <div class=\"text-[16px] hover:underline decoration-blue-700 font-Inter font-bold text-[#3c434c] mt-5 text-center tracking-[-.02em]\">Marc Uhlmann<\/div>\n                        <p class=\"font-normal font-Inter text-[12px] text-[#64707a] text-center mt-1\">V\u0101cija<\/p>\n                    <\/a>\n                <\/div>\n                            <div class=\"p-4 text-center w-[222px] mx-[26px]\">\n                    <a href=\"mailto:mailto:sandor@sidelinesports.com\"> <!-- \u0412\u0438\u043a\u043e\u0440\u0438\u0441\u0442\u043e\u0432\u0443\u0454\u043c\u043e mailto: \u0434\u043b\u044f email -->\n                        <img decoding=\"async\" src=\"https:\/\/sidelinesports.com\/wp-content\/uploads\/2024\/11\/1730838969879-1.jpeg\" class=\"w-[85px] rounded-full mb-6 mx-auto\" alt=\"profile image\">\n                        <div class=\"text-[16px] hover:underline decoration-blue-700 font-Inter font-bold text-[#3c434c] mt-5 text-center tracking-[-.02em]\">Sandor Virag<\/div>\n                        <p class=\"font-normal font-Inter text-[12px] text-[#64707a] text-center mt-1\">Ung\u0101rija<\/p>\n                    <\/a>\n                <\/div>\n                            <div class=\"p-4 text-center w-[222px] mx-[26px]\">\n                    <a href=\"mailto:mailto:patrizio@sidelinesports.com\"> <!-- \u0412\u0438\u043a\u043e\u0440\u0438\u0441\u0442\u043e\u0432\u0443\u0454\u043c\u043e mailto: \u0434\u043b\u044f email -->\n                        <img decoding=\"async\" src=\"https:\/\/sidelinesports.com\/wp-content\/uploads\/2024\/11\/pacifico-jpg-1.jpeg\" class=\"w-[85px] rounded-full mb-6 mx-auto\" alt=\"profile image\">\n                        <div class=\"text-[16px] hover:underline decoration-blue-700 font-Inter font-bold text-[#3c434c] mt-5 text-center tracking-[-.02em]\">Patrizio Pacifico<\/div>\n                        <p class=\"font-normal font-Inter text-[12px] text-[#64707a] text-center mt-1\">It\u0101lija<\/p>\n                    <\/a>\n                <\/div>\n                            <div class=\"p-4 text-center w-[222px] mx-[26px]\">\n                    <a href=\"mailto:mailto:dvir@sidelinesports.com\"> <!-- \u0412\u0438\u043a\u043e\u0440\u0438\u0441\u0442\u043e\u0432\u0443\u0454\u043c\u043e mailto: \u0434\u043b\u044f email -->\n                        <img decoding=\"async\" src=\"https:\/\/sidelinesports.com\/wp-content\/uploads\/2024\/07\/Dvir-Goldshtein-300x300-1.jpeg\" class=\"w-[85px] rounded-full mb-6 mx-auto\" alt=\"profile image\">\n                        <div class=\"text-[16px] hover:underline decoration-blue-700 font-Inter font-bold text-[#3c434c] mt-5 text-center tracking-[-.02em]\">Dvir Goldshtein<\/div>\n                        <p class=\"font-normal font-Inter text-[12px] text-[#64707a] text-center mt-1\">Izra\u0113la<\/p>\n                    <\/a>\n                <\/div>\n                            <div class=\"p-4 text-center w-[222px] mx-[26px]\">\n                    <a href=\"mailto:mailto:geir@sidelinesports.com\"> <!-- \u0412\u0438\u043a\u043e\u0440\u0438\u0441\u0442\u043e\u0432\u0443\u0454\u043c\u043e mailto: \u0434\u043b\u044f email -->\n                        <img decoding=\"async\" src=\"https:\/\/sidelinesports.com\/wp-content\/uploads\/2024\/07\/geir.jpg\" class=\"w-[85px] rounded-full mb-6 mx-auto\" alt=\"profile image\">\n                        <div class=\"text-[16px] hover:underline decoration-blue-700 font-Inter font-bold text-[#3c434c] mt-5 text-center tracking-[-.02em]\">Geir Martinsen<\/div>\n                        <p class=\"font-normal font-Inter text-[12px] text-[#64707a] text-center mt-1\">Norv\u0113\u0123ija<\/p>\n                    <\/a>\n                <\/div>\n                            <div class=\"p-4 text-center w-[222px] mx-[26px]\">\n                    <a href=\"mailto:mailto:l.kalwa@sidelinesports.com\"> <!-- \u0412\u0438\u043a\u043e\u0440\u0438\u0441\u0442\u043e\u0432\u0443\u0454\u043c\u043e mailto: \u0434\u043b\u044f email -->\n                        <img decoding=\"async\" src=\"https:\/\/sidelinesports.com\/wp-content\/uploads\/2024\/11\/1684961399454-1.jpeg\" class=\"w-[85px] rounded-full mb-6 mx-auto\" alt=\"profile image\">\n                        <div class=\"text-[16px] hover:underline decoration-blue-700 font-Inter font-bold text-[#3c434c] mt-5 text-center tracking-[-.02em]\">\u0141ukasz Kalwa<\/div>\n                        <p class=\"font-normal font-Inter text-[12px] text-[#64707a] text-center mt-1\">Polija<\/p>\n                    <\/a>\n                <\/div>\n                            <div class=\"p-4 text-center w-[222px] mx-[26px]\">\n                    <a href=\"mailto:mailto:miguel@sidelinesports.com\"> <!-- \u0412\u0438\u043a\u043e\u0440\u0438\u0441\u0442\u043e\u0432\u0443\u0454\u043c\u043e mailto: \u0434\u043b\u044f email -->\n                        <img decoding=\"async\" src=\"https:\/\/sidelinesports.com\/wp-content\/uploads\/2024\/11\/1647282385106-1.jpeg\" class=\"w-[85px] rounded-full mb-6 mx-auto\" alt=\"profile image\">\n                        <div class=\"text-[16px] hover:underline decoration-blue-700 font-Inter font-bold text-[#3c434c] mt-5 text-center tracking-[-.02em]\">Miguel Vasconcelos<\/div>\n                        <p class=\"font-normal font-Inter text-[12px] text-[#64707a] text-center mt-1\">Portug\u0101le<\/p>\n                    <\/a>\n                <\/div>\n                            <div class=\"p-4 text-center w-[222px] mx-[26px]\">\n                    <a href=\"mailto:mailto:alex@sidelinesports.com\"> <!-- \u0412\u0438\u043a\u043e\u0440\u0438\u0441\u0442\u043e\u0432\u0443\u0454\u043c\u043e mailto: \u0434\u043b\u044f email -->\n                        <img decoding=\"async\" src=\"https:\/\/sidelinesports.com\/wp-content\/uploads\/2024\/11\/1634029719649.jpeg\" class=\"w-[85px] rounded-full mb-6 mx-auto\" alt=\"profile image\">\n                        <div class=\"text-[16px] hover:underline decoration-blue-700 font-Inter font-bold text-[#3c434c] mt-5 text-center tracking-[-.02em]\">Alex Nogu\u00e9s<\/div>\n                        <p class=\"font-normal font-Inter text-[12px] text-[#64707a] text-center mt-1\">Sp\u0101nija<\/p>\n                    <\/a>\n                <\/div>\n                            <div class=\"p-4 text-center w-[222px] mx-[26px]\">\n                    <a href=\"mailto:mailto:michal@sidelinesports.com\"> <!-- \u0412\u0438\u043a\u043e\u0440\u0438\u0441\u0442\u043e\u0432\u0443\u0454\u043c\u043e mailto: \u0434\u043b\u044f email -->\n                        <img decoding=\"async\" src=\"https:\/\/sidelinesports.com\/wp-content\/uploads\/2024\/07\/Michal-Rybka-1.jpg\" class=\"w-[85px] rounded-full mb-6 mx-auto\" alt=\"profile image\">\n                        <div class=\"text-[16px] hover:underline decoration-blue-700 font-Inter font-bold text-[#3c434c] mt-5 text-center tracking-[-.02em]\">Michal Rybka<\/div>\n                        <p class=\"font-normal font-Inter text-[12px] text-[#64707a] text-center mt-1\">\u0160veice<\/p>\n                    <\/a>\n                <\/div>\n                            <div class=\"p-4 text-center w-[222px] mx-[26px]\">\n                    <a href=\"mailto:mailto:rostislav@sidelinesports.com\"> <!-- \u0412\u0438\u043a\u043e\u0440\u0438\u0441\u0442\u043e\u0432\u0443\u0454\u043c\u043e mailto: \u0434\u043b\u044f email -->\n                        <img decoding=\"async\" src=\"https:\/\/sidelinesports.com\/wp-content\/uploads\/2024\/07\/rostislav-1.jpg\" class=\"w-[85px] rounded-full mb-6 mx-auto\" alt=\"profile image\">\n                        <div class=\"text-[16px] hover:underline decoration-blue-700 font-Inter font-bold text-[#3c434c] mt-5 text-center tracking-[-.02em]\">Rostislav Grinishin<\/div>\n                        <p class=\"font-normal font-Inter text-[12px] text-[#64707a] text-center mt-1\">Ukraina<\/p>\n                    <\/a>\n                <\/div>\n                            <div class=\"p-4 text-center w-[222px] mx-[26px]\">\n                    <a href=\"mailto:mailto:bilal.suman@sidelinesports.com\"> <!-- \u0412\u0438\u043a\u043e\u0440\u0438\u0441\u0442\u043e\u0432\u0443\u0454\u043c\u043e mailto: \u0434\u043b\u044f email -->\n                        <img decoding=\"async\" src=\"https:\/\/sidelinesports.com\/wp-content\/uploads\/2024\/07\/bilal.jpg\" class=\"w-[85px] rounded-full mb-6 mx-auto\" alt=\"profile image\">\n                        <div class=\"text-[16px] hover:underline decoration-blue-700 font-Inter font-bold text-[#3c434c] mt-5 text-center tracking-[-.02em]\">Bilal Suman<\/div>\n                        <p class=\"font-normal font-Inter text-[12px] text-[#64707a] text-center mt-1\">Video anal\u012bzes sada\u013cas direktors<\/p>\n                    <\/a>\n                <\/div>\n                        <\/div>\n    <\/div>\n<\/section>\n\n<div class=\"footer_before pb-[90px] md:pb-[120px] pt-[120px] md:pt-[150px] ffgdfggdff\">\r\n        <div class=\"max-w-[1140px] mx-auto text-center flex flex-col items-center justify-center px-10\">\r\n            <div class=\"text-white font-Inter font-bold md:text-[48px] text-[30px] sm:text-[40px] mb-[44px] leading-[1.1] tracking-[-.02em]\">Ir laiks s\u0101kt<\/div>\r\n                        <div>\r\n                <button class=\"try_xps_about h-[57px] px-3 text-white hover:bg-[#4b9e00] bg-[#57b700] text-center inline-flex items-center justify-center rounded-md uppercase font-bold font-Inter text-[14px] sm:text-[16px] tracking-[.02em] \">Izm\u0113\u0123ini XPS bez maksas<\/button>\r\n                <p class=\"font-Inter opacity-[0.85] text-white mt-4\">Kred\u012btkarte nav nepiecie\u0161ama<\/p>\r\n            <\/div>\r\n                        \r\n        <\/div>\r\n<\/div>","protected":false},"excerpt":{"rendered":"","protected":false},"author":23,"featured_media":0,"parent":0,"menu_order":0,"comment_status":"closed","ping_status":"closed","template":"Full-width.php","meta":{"_acf_changed":false,"content-type":"","footnotes":""},"class_list":["post-31751","page","type-page","status-publish","hentry"],"acf":[],"_links":{"self":[{"href":"https:\/\/sidelinesports.com\/lv\/wp-json\/wp\/v2\/pages\/31751","targetHints":{"allow":["GET"]}}],"collection":[{"href":"https:\/\/sidelinesports.com\/lv\/wp-json\/wp\/v2\/pages"}],"about":[{"href":"https:\/\/sidelinesports.com\/lv\/wp-json\/wp\/v2\/types\/page"}],"author":[{"embeddable":true,"href":"https:\/\/sidelinesports.com\/lv\/wp-json\/wp\/v2\/users\/23"}],"replies":[{"embeddable":true,"href":"https:\/\/sidelinesports.com\/lv\/wp-json\/wp\/v2\/comments?post=31751"}],"version-history":[{"count":0,"href":"https:\/\/sidelinesports.com\/lv\/wp-json\/wp\/v2\/pages\/31751\/revisions"}],"wp:attachment":[{"href":"https:\/\/sidelinesports.com\/lv\/wp-json\/wp\/v2\/media?parent=31751"}],"curies":[{"name":"wp","href":"https:\/\/api.w.org\/{rel}","templated":true}]}}