{"id":35807,"date":"2024-07-23T13:25:14","date_gmt":"2024-07-23T13:25:14","guid":{"rendered":"https:\/\/sidelinesports.com\/a-propos\/"},"modified":"2025-01-30T14:10:06","modified_gmt":"2025-01-30T14:10:06","slug":"about","status":"publish","type":"page","link":"https:\/\/sidelinesports.com\/fr\/about\/","title":{"rendered":"\u00c0 Propos"},"content":{"rendered":"<section class=\"pt-20 md:pb-[350px] pb-[160px] mt-[-108px] about_hero z-[-1]\"  style=\"background:linear-gradient(0deg, #C140AC 5%, #003E75 100%)\">\r\n    <div class=\"max-w-[1180px] mx-auto\">\r\n        <h1 class=\"font-bold font-Inter md:text-[48px] text-[24px] w-[260px] md:w-full leading-[24px] text-center mx-auto md:pt-28 pt-14 pb-8 md:pb-28 text-white\" style=\"letter-spacing: -.02em;\">\r\n            Aider vos entra\u00eeneurs et athl\u00e8tes        <\/h1>\r\n    <\/div>\r\n<\/section>\r\n\r\n<section class=\"powerful md:mt-[-274px] mt-[-150px] lg:mx-0 mx-6\">\r\n    <div class=\"About_main_img xl:w-[1160px] md:h-[600px] mx-auto\">\r\n                    <div class=\"iframe w-full h-full\">\r\n                <iframe src=\"https:\/\/player.vimeo.com\/video\/334479471?autoplay=1&amp;loop=1&amp;autopause=0\" frameborder=\"0\" allowfullscreen=\"\" allow=\"autoplay\"><\/iframe>\r\n            <\/div>\r\n            <\/div>\r\n<\/section>\n\n<section class=\"md:py-[80px] py-[50px]\">\n     <div class=\"max-w-[1160px] mx-auto px-4\">\n                        <div class=\"flex md:flex-row flex-col-reverse items-center md:items-end md:gap-10 gap-5\">\n                            \n            <div class=\"md:w-[700px]\">\n                    <h2 class=\"font-bold text-[#3c434c] text-center md:text-start md:text-[48px] text-[30px] leading-[35px] md:leading-[49px] md:my-[50px] my-5 font-Inter tracking-[-.02em]\">Atteignez de meilleurs niveaux de performance<\/h2>\n                    <p class=\"text-[#3c434c] md:text-[#647072] font-Inter leading-[22px] text-center md:text-start tracking-[-.02em]\">Sideline Sports a \u00e9t\u00e9 fond\u00e9e en 2001. Nous avons commenc\u00e9 avec trois personnes et aujourd&rsquo;hui nous sommes une entreprise de plus de 30 personnes. Nos bureaux principaux sont en Islande et en Su\u00e8de. La plupart d&rsquo;entre nous travaillons \u00e0 distance. Nous pouvons donc vous servir dans le monde entier.  <br><br>\n Depuis deux d\u00e9cennies, nous aidons nos clients \u00e0 devenir plus organis\u00e9s et efficaces en am\u00e9liorant leur communication et en leur donnant acc\u00e8s aux donn\u00e9es cl\u00e9s qui orientent leur prise de d\u00e9cision.<br><br>\n Notre produit principal est le logiciel XPS Network et nous avons gagn\u00e9 la confiance de milliers de clients, y compris certains des plus grands (et d&rsquo;autres plus petits) clubs et organisations sportives au monde.<br><br>\n Nous sommes fiers de notre succ\u00e8s et nous continuerons de relever la barre en fournissant des solutions logicielles de pointe aux entra\u00eeneurs de tous les sports, partout dans le monde. Nous avons l&rsquo;impression que nous ne faisons que commencer! <\/p>\n            <\/div>\n                        <div class=\"flex-grow flex justify-center md:justify-end items-center\">\n                            <img decoding=\"async\" src=\"https:\/\/sidelinesports.com\/wp-content\/uploads\/2024\/07\/xps-1-300x298-1-e1724100047584.webp\" class=\"md:w-[320px] w-[210px] h-[210px] md:h-[318px]\" alt=\"media\">\n            <\/div>\n        <\/div>\n     <\/div>\n<\/section>\n\n<section class=\"md:py-[80px] py-[50px]\">\n     <div class=\"max-w-[1160px] mx-auto px-4\">\n                    <div class=\"flex md:flex-row-reverse flex-col-reverse items-center   \">\n                            \n            <div class=\"md:w-[700px]\">\n                    <h2 class=\"font-bold text-[#3c434c] text-center md:text-start md:text-[30px] text-[30px] leading-[35px] md:leading-[1.1] md:my-[25px] my-5 font-Inter tracking-[-.02em]\">Restez simple<\/h2>\n                    <p class=\"text-[#3c434c] md:text-[#647072] font-Inter leading-[22px] text-center md:text-start tracking-[-.02em]\">Nous croyons fermement au pouvoir de garder les choses simples et nos priorit\u00e9s ont toujours \u00e9t\u00e9 les m\u00eames : offrir un excellent service, s&rsquo;amuser et cr\u00e9er les meilleurs produits du secteur.<br>\nDans les d\u00e9cennies \u00e0 venir, nous continuerons \u00e0 nous concentrer sur la claret\u00e9 et la facilit\u00e9 d\u2019utilisation de nos produits, toujours avec le m\u00eame objectif principal en t\u00eate : soutenir les entra\u00eeneurs dans le d\u00e9veloppement des \u00e9quipes et des athl\u00e8tes.\n\n<\/p>\n            <\/div>\n                        <div class=\"flex-grow flex justify-center md:justify-start items-center\">\n                            <img decoding=\"async\" src=\"https:\/\/sidelinesports.com\/wp-content\/uploads\/2024\/08\/simple.webp\" class=\"md:w-[320px] w-[210px] h-[210px] md:h-[318px]\" alt=\"media\">\n            <\/div>\n        <\/div>\n     <\/div>\n<\/section>\n\n<section class=\"md:py-[80px] py-[50px]\">\n     <div class=\"max-w-[1160px] mx-auto px-4\">\n                        <div class=\"flex md:flex-row flex-col-reverse items-center  md:gap-10 gap-5\">\n                            \n            <div class=\"md:w-[700px]\">\n                    <h2 class=\"font-bold text-[#3c434c] text-center md:text-start md:text-[30px] text-[30px] leading-[35px] md:leading-[1.1] md:my-[25px] my-5 font-Inter tracking-[-.02em]\">\u00c0 votre service<\/h2>\n                    <p class=\"text-[#3c434c] md:text-[#647072] font-Inter leading-[22px] text-center md:text-start tracking-[-.02em]\">Si vous avez une question g\u00e9n\u00e9rale \u00e0 nous poser, veuillez nous envoyer un e-mail \u00e0 <a style=\"color:#0000EE;text-decoration:underline\" href=\"mailto:info@sidelinesports.com\">info@sidelinesports.com<\/a>. Si vous \u00eates client et que vous souhaitez parler \u00e0 quelqu&rsquo;un du service client, vous pouvez envoyer un e-mail \u00e0 <a style=\"color:#0000EE;text-decoration:underline\" href=\"mailto:support@sidelinesports.com\">support@sidelinesports.com<\/a>. \n<br><br>\nSi vous ne faites que naviguer, profitez de votre exp\u00e9rience. Si vous souhaitez devenir client, nous serions ravis de vous avoir. Quoi qu\u2019il en soit, merci d\u2019avoir visit\u00e9 Sideline Sports.  \n\n\n<\/p>\n            <\/div>\n                        <div class=\"flex-grow flex justify-center md:justify-end items-center\">\n                            <img decoding=\"async\" src=\"https:\/\/sidelinesports.com\/wp-content\/uploads\/2024\/08\/download-15.webp\" class=\"md:w-[320px] w-[210px] h-[210px] md:h-[318px]\" alt=\"media\">\n            <\/div>\n        <\/div>\n     <\/div>\n<\/section>\n\n<section class=\"md:my-[200px] my-20\">\n    <div class=\"w-full mx-auto px-3\">\n        <h3 class=\"font-bold text-[#3c434c] font-Inter text-[30px] md:text-[2.25rem] leading-[30px] md:leading-[49px] text-center\">Management<\/h3>\n    <div class=\"flex flex-wrap justify-center mt-[100px]\">\n                                    <div class=\"p-4 text-center w-[222px] mx-[26px]\">\n                    <a href=\"mailto:mailto:gustav@sidelinesports.com\"> <!-- \u0412\u0438\u043a\u043e\u0440\u0438\u0441\u0442\u043e\u0432\u0443\u0454\u043c\u043e mailto: \u0434\u043b\u044f email -->\n                        <img decoding=\"async\" src=\"https:\/\/sidelinesports.com\/wp-content\/uploads\/2024\/11\/1686577370966-1.jpeg\" class=\"w-[85px] rounded-full mb-6 mx-auto\" alt=\"profile image\">\n                        <div class=\"text-[16px] hover:underline decoration-blue-700 font-Inter font-bold text-[#3c434c] mt-5 text-center tracking-[-.02em]\">Gustav Rosqvist<\/div>\n                        <p class=\"font-normal font-Inter text-[12px] text-[#64707a] text-center mt-1\">Director of Business Development<\/p>\n                    <\/a>\n                <\/div>\n                            <div class=\"p-4 text-center w-[222px] mx-[26px]\">\n                    <a href=\"mailto:mailto:orri@sidelinesports.com\"> <!-- \u0412\u0438\u043a\u043e\u0440\u0438\u0441\u0442\u043e\u0432\u0443\u0454\u043c\u043e mailto: \u0434\u043b\u044f email -->\n                        <img decoding=\"async\" src=\"https:\/\/sidelinesports.com\/wp-content\/uploads\/2024\/07\/orri-300x300-1.jpg\" class=\"w-[85px] rounded-full mb-6 mx-auto\" alt=\"profile image\">\n                        <div class=\"text-[16px] hover:underline decoration-blue-700 font-Inter font-bold text-[#3c434c] mt-5 text-center tracking-[-.02em]\">Orri Sigurdsson<\/div>\n                        <p class=\"font-normal font-Inter text-[12px] text-[#64707a] text-center mt-1\">Director of Customer Support<\/p>\n                    <\/a>\n                <\/div>\n                            <div class=\"p-4 text-center w-[222px] mx-[26px]\">\n                    <a href=\"mailto:mailto:jakoubek@sidelinesports.com\"> <!-- \u0412\u0438\u043a\u043e\u0440\u0438\u0441\u0442\u043e\u0432\u0443\u0454\u043c\u043e mailto: \u0434\u043b\u044f email -->\n                        <img decoding=\"async\" src=\"https:\/\/sidelinesports.com\/wp-content\/uploads\/2024\/11\/w800h450et1659962880-2.png\" class=\"w-[85px] rounded-full mb-6 mx-auto\" alt=\"profile image\">\n                        <div class=\"text-[16px] hover:underline decoration-blue-700 font-Inter font-bold text-[#3c434c] mt-5 text-center tracking-[-.02em]\">Ji\u0159\u00ed Jakoubek<\/div>\n                        <p class=\"font-normal font-Inter text-[12px] text-[#64707a] text-center mt-1\">VP of Sales Europe<\/p>\n                    <\/a>\n                <\/div>\n                            <div class=\"p-4 text-center w-[222px] mx-[26px]\">\n                    <a href=\"mailto:mailto:jan@sidelinesports.com\"> <!-- \u0412\u0438\u043a\u043e\u0440\u0438\u0441\u0442\u043e\u0432\u0443\u0454\u043c\u043e mailto: \u0434\u043b\u044f email -->\n                        <img decoding=\"async\" src=\"https:\/\/sidelinesports.com\/wp-content\/uploads\/2024\/11\/1730510018354-1.jpeg\" class=\"w-[85px] rounded-full mb-6 mx-auto\" alt=\"profile image\">\n                        <div class=\"text-[16px] hover:underline decoration-blue-700 font-Inter font-bold text-[#3c434c] mt-5 text-center tracking-[-.02em]\">Jan Vol\u00e1k<\/div>\n                        <p class=\"font-normal font-Inter text-[12px] text-[#64707a] text-center mt-1\">Director of PR &amp; Marketing<\/p>\n                    <\/a>\n                <\/div>\n                            <div class=\"p-4 text-center w-[222px] mx-[26px]\">\n                    <a href=\"mailto:mailto:jack@sidelinesports.com\"> <!-- \u0412\u0438\u043a\u043e\u0440\u0438\u0441\u0442\u043e\u0432\u0443\u0454\u043c\u043e mailto: \u0434\u043b\u044f email -->\n                        <img decoding=\"async\" src=\"https:\/\/sidelinesports.com\/wp-content\/uploads\/2024\/11\/1653711055290-1.jpeg\" class=\"w-[85px] rounded-full mb-6 mx-auto\" alt=\"profile image\">\n                        <div class=\"text-[16px] hover:underline decoration-blue-700 font-Inter font-bold text-[#3c434c] mt-5 text-center tracking-[-.02em]\">Jack Scott<\/div>\n                        <p class=\"font-normal font-Inter text-[12px] text-[#64707a] text-center mt-1\">Sales Director Asia &amp; Pacific<\/p>\n                    <\/a>\n                <\/div>\n                            <div class=\"p-4 text-center w-[222px] mx-[26px]\">\n                    <a href=\"mailto:mailto:olivier@sidelinesports.com\"> <!-- \u0412\u0438\u043a\u043e\u0440\u0438\u0441\u0442\u043e\u0432\u0443\u0454\u043c\u043e mailto: \u0434\u043b\u044f email -->\n                        <img decoding=\"async\" src=\"https:\/\/sidelinesports.com\/wp-content\/uploads\/2024\/11\/1698170635588.jpeg\" class=\"w-[85px] rounded-full mb-6 mx-auto\" alt=\"profile image\">\n                        <div class=\"text-[16px] hover:underline decoration-blue-700 font-Inter font-bold text-[#3c434c] mt-5 text-center tracking-[-.02em]\">Olivier Prud&#039;Homme<\/div>\n                        <p class=\"font-normal font-Inter text-[12px] text-[#64707a] text-center mt-1\">Sales Director USA &amp; Canada <\/p>\n                    <\/a>\n                <\/div>\n                            <div class=\"p-4 text-center w-[222px] mx-[26px]\">\n                    <a href=\"mailto:mailto:toni@sidelinesports.com\"> <!-- \u0412\u0438\u043a\u043e\u0440\u0438\u0441\u0442\u043e\u0432\u0443\u0454\u043c\u043e mailto: \u0434\u043b\u044f email -->\n                        <img decoding=\"async\" src=\"https:\/\/sidelinesports.com\/wp-content\/uploads\/2024\/11\/1683563486078-1.jpeg\" class=\"w-[85px] rounded-full mb-6 mx-auto\" alt=\"profile image\">\n                        <div class=\"text-[16px] hover:underline decoration-blue-700 font-Inter font-bold text-[#3c434c] mt-5 text-center tracking-[-.02em]\">Toni Kallio<\/div>\n                        <p class=\"font-normal font-Inter text-[12px] text-[#64707a] text-center mt-1\">Finland<\/p>\n                    <\/a>\n                <\/div>\n                            <div class=\"p-4 text-center w-[222px] mx-[26px]\">\n                    <a href=\"mailto:mailto:erwin@sidelinesports.com\"> <!-- \u0412\u0438\u043a\u043e\u0440\u0438\u0441\u0442\u043e\u0432\u0443\u0454\u043c\u043e mailto: \u0434\u043b\u044f email -->\n                        <img decoding=\"async\" src=\"https:\/\/sidelinesports.com\/wp-content\/uploads\/2024\/11\/2363_0x0-3.jpg\" class=\"w-[85px] rounded-full mb-6 mx-auto\" alt=\"profile image\">\n                        <div class=\"text-[16px] hover:underline decoration-blue-700 font-Inter font-bold text-[#3c434c] mt-5 text-center tracking-[-.02em]\">Erwin Gierlinger<\/div>\n                        <p class=\"font-normal font-Inter text-[12px] text-[#64707a] text-center mt-1\">Austria<\/p>\n                    <\/a>\n                <\/div>\n                            <div class=\"p-4 text-center w-[222px] mx-[26px]\">\n                    <a href=\"mailto:mailto:skl@sidelinesports.com\"> <!-- \u0412\u0438\u043a\u043e\u0440\u0438\u0441\u0442\u043e\u0432\u0443\u0454\u043c\u043e mailto: \u0434\u043b\u044f email -->\n                        <img decoding=\"async\" src=\"https:\/\/sidelinesports.com\/wp-content\/uploads\/2024\/11\/nyhedsten.jpg\" class=\"w-[85px] rounded-full mb-6 mx-auto\" alt=\"profile image\">\n                        <div class=\"text-[16px] hover:underline decoration-blue-700 font-Inter font-bold text-[#3c434c] mt-5 text-center tracking-[-.02em]\">Sten Kaj Larsen<\/div>\n                        <p class=\"font-normal font-Inter text-[12px] text-[#64707a] text-center mt-1\">Denmark<\/p>\n                    <\/a>\n                <\/div>\n                            <div class=\"p-4 text-center w-[222px] mx-[26px]\">\n                    <a href=\"mailto:mailto:redha@sidelinesports.com\"> <!-- \u0412\u0438\u043a\u043e\u0440\u0438\u0441\u0442\u043e\u0432\u0443\u0454\u043c\u043e mailto: \u0434\u043b\u044f email -->\n                        <img decoding=\"async\" src=\"https:\/\/sidelinesports.com\/wp-content\/uploads\/2024\/11\/redha.png\" class=\"w-[85px] rounded-full mb-6 mx-auto\" alt=\"profile image\">\n                        <div class=\"text-[16px] hover:underline decoration-blue-700 font-Inter font-bold text-[#3c434c] mt-5 text-center tracking-[-.02em]\">Redha Almosawy<\/div>\n                        <p class=\"font-normal font-Inter text-[12px] text-[#64707a] text-center mt-1\">GCC<\/p>\n                    <\/a>\n                <\/div>\n                            <div class=\"p-4 text-center w-[222px] mx-[26px]\">\n                    <a href=\"mailto:mailto:uhlmann@sidelinesports.com\"> <!-- \u0412\u0438\u043a\u043e\u0440\u0438\u0441\u0442\u043e\u0432\u0443\u0454\u043c\u043e mailto: \u0434\u043b\u044f email -->\n                        <img decoding=\"async\" src=\"https:\/\/sidelinesports.com\/wp-content\/uploads\/2024\/11\/1638258298331.jpeg\" class=\"w-[85px] rounded-full mb-6 mx-auto\" alt=\"profile image\">\n                        <div class=\"text-[16px] hover:underline decoration-blue-700 font-Inter font-bold text-[#3c434c] mt-5 text-center tracking-[-.02em]\">Marc Uhlmann<\/div>\n                        <p class=\"font-normal font-Inter text-[12px] text-[#64707a] text-center mt-1\">Germany<\/p>\n                    <\/a>\n                <\/div>\n                            <div class=\"p-4 text-center w-[222px] mx-[26px]\">\n                    <a href=\"mailto:mailto:sandor@sidelinesports.com\"> <!-- \u0412\u0438\u043a\u043e\u0440\u0438\u0441\u0442\u043e\u0432\u0443\u0454\u043c\u043e mailto: \u0434\u043b\u044f email -->\n                        <img decoding=\"async\" src=\"https:\/\/sidelinesports.com\/wp-content\/uploads\/2024\/11\/1730838969879-1.jpeg\" class=\"w-[85px] rounded-full mb-6 mx-auto\" alt=\"profile image\">\n                        <div class=\"text-[16px] hover:underline decoration-blue-700 font-Inter font-bold text-[#3c434c] mt-5 text-center tracking-[-.02em]\">Sandor Virag<\/div>\n                        <p class=\"font-normal font-Inter text-[12px] text-[#64707a] text-center mt-1\">Hungary<\/p>\n                    <\/a>\n                <\/div>\n                            <div class=\"p-4 text-center w-[222px] mx-[26px]\">\n                    <a href=\"mailto:mailto:patrizio@sidelinesports.com\"> <!-- \u0412\u0438\u043a\u043e\u0440\u0438\u0441\u0442\u043e\u0432\u0443\u0454\u043c\u043e mailto: \u0434\u043b\u044f email -->\n                        <img decoding=\"async\" src=\"https:\/\/sidelinesports.com\/wp-content\/uploads\/2024\/11\/pacifico-jpg-1.jpeg\" class=\"w-[85px] rounded-full mb-6 mx-auto\" alt=\"profile image\">\n                        <div class=\"text-[16px] hover:underline decoration-blue-700 font-Inter font-bold text-[#3c434c] mt-5 text-center tracking-[-.02em]\">Patrizio Pacifico<\/div>\n                        <p class=\"font-normal font-Inter text-[12px] text-[#64707a] text-center mt-1\">Italy<\/p>\n                    <\/a>\n                <\/div>\n                            <div class=\"p-4 text-center w-[222px] mx-[26px]\">\n                    <a href=\"mailto:mailto:dvir@sidelinesports.com\"> <!-- \u0412\u0438\u043a\u043e\u0440\u0438\u0441\u0442\u043e\u0432\u0443\u0454\u043c\u043e mailto: \u0434\u043b\u044f email -->\n                        <img decoding=\"async\" src=\"https:\/\/sidelinesports.com\/wp-content\/uploads\/2024\/07\/Dvir-Goldshtein-300x300-1.jpeg\" class=\"w-[85px] rounded-full mb-6 mx-auto\" alt=\"profile image\">\n                        <div class=\"text-[16px] hover:underline decoration-blue-700 font-Inter font-bold text-[#3c434c] mt-5 text-center tracking-[-.02em]\">Dvir Goldshtein<\/div>\n                        <p class=\"font-normal font-Inter text-[12px] text-[#64707a] text-center mt-1\">Israel<\/p>\n                    <\/a>\n                <\/div>\n                            <div class=\"p-4 text-center w-[222px] mx-[26px]\">\n                    <a href=\"mailto:mailto:geir@sidelinesports.com\"> <!-- \u0412\u0438\u043a\u043e\u0440\u0438\u0441\u0442\u043e\u0432\u0443\u0454\u043c\u043e mailto: \u0434\u043b\u044f email -->\n                        <img decoding=\"async\" src=\"https:\/\/sidelinesports.com\/wp-content\/uploads\/2024\/07\/geir.jpg\" class=\"w-[85px] rounded-full mb-6 mx-auto\" alt=\"profile image\">\n                        <div class=\"text-[16px] hover:underline decoration-blue-700 font-Inter font-bold text-[#3c434c] mt-5 text-center tracking-[-.02em]\">Geir Martinsen<\/div>\n                        <p class=\"font-normal font-Inter text-[12px] text-[#64707a] text-center mt-1\">Norway<\/p>\n                    <\/a>\n                <\/div>\n                            <div class=\"p-4 text-center w-[222px] mx-[26px]\">\n                    <a href=\"mailto:mailto:l.kalwa@sidelinesports.com\"> <!-- \u0412\u0438\u043a\u043e\u0440\u0438\u0441\u0442\u043e\u0432\u0443\u0454\u043c\u043e mailto: \u0434\u043b\u044f email -->\n                        <img decoding=\"async\" src=\"https:\/\/sidelinesports.com\/wp-content\/uploads\/2024\/11\/1684961399454-1.jpeg\" class=\"w-[85px] rounded-full mb-6 mx-auto\" alt=\"profile image\">\n                        <div class=\"text-[16px] hover:underline decoration-blue-700 font-Inter font-bold text-[#3c434c] mt-5 text-center tracking-[-.02em]\">\u0141ukasz Kalwa<\/div>\n                        <p class=\"font-normal font-Inter text-[12px] text-[#64707a] text-center mt-1\">Poland<\/p>\n                    <\/a>\n                <\/div>\n                            <div class=\"p-4 text-center w-[222px] mx-[26px]\">\n                    <a href=\"mailto:mailto:miguel@sidelinesports.com\"> <!-- \u0412\u0438\u043a\u043e\u0440\u0438\u0441\u0442\u043e\u0432\u0443\u0454\u043c\u043e mailto: \u0434\u043b\u044f email -->\n                        <img decoding=\"async\" src=\"https:\/\/sidelinesports.com\/wp-content\/uploads\/2024\/11\/1647282385106-1.jpeg\" class=\"w-[85px] rounded-full mb-6 mx-auto\" alt=\"profile image\">\n                        <div class=\"text-[16px] hover:underline decoration-blue-700 font-Inter font-bold text-[#3c434c] mt-5 text-center tracking-[-.02em]\">Miguel Vasconcelos<\/div>\n                        <p class=\"font-normal font-Inter text-[12px] text-[#64707a] text-center mt-1\">Portugal<\/p>\n                    <\/a>\n                <\/div>\n                            <div class=\"p-4 text-center w-[222px] mx-[26px]\">\n                    <a href=\"mailto:mailto:alex@sidelinesports.com\"> <!-- \u0412\u0438\u043a\u043e\u0440\u0438\u0441\u0442\u043e\u0432\u0443\u0454\u043c\u043e mailto: \u0434\u043b\u044f email -->\n                        <img decoding=\"async\" src=\"https:\/\/sidelinesports.com\/wp-content\/uploads\/2024\/11\/1634029719649.jpeg\" class=\"w-[85px] rounded-full mb-6 mx-auto\" alt=\"profile image\">\n                        <div class=\"text-[16px] hover:underline decoration-blue-700 font-Inter font-bold text-[#3c434c] mt-5 text-center tracking-[-.02em]\">Alex Nogu\u00e9s<\/div>\n                        <p class=\"font-normal font-Inter text-[12px] text-[#64707a] text-center mt-1\">Spain<\/p>\n                    <\/a>\n                <\/div>\n                            <div class=\"p-4 text-center w-[222px] mx-[26px]\">\n                    <a href=\"mailto:mailto:michal@sidelinesports.com\"> <!-- \u0412\u0438\u043a\u043e\u0440\u0438\u0441\u0442\u043e\u0432\u0443\u0454\u043c\u043e mailto: \u0434\u043b\u044f email -->\n                        <img decoding=\"async\" src=\"https:\/\/sidelinesports.com\/wp-content\/uploads\/2024\/07\/Michal-Rybka-1.jpg\" class=\"w-[85px] rounded-full mb-6 mx-auto\" alt=\"profile image\">\n                        <div class=\"text-[16px] hover:underline decoration-blue-700 font-Inter font-bold text-[#3c434c] mt-5 text-center tracking-[-.02em]\">Michal Rybka<\/div>\n                        <p class=\"font-normal font-Inter text-[12px] text-[#64707a] text-center mt-1\">Switzerland<\/p>\n                    <\/a>\n                <\/div>\n                            <div class=\"p-4 text-center w-[222px] mx-[26px]\">\n                    <a href=\"mailto:mailto:rostislav@sidelinesports.com\"> <!-- \u0412\u0438\u043a\u043e\u0440\u0438\u0441\u0442\u043e\u0432\u0443\u0454\u043c\u043e mailto: \u0434\u043b\u044f email -->\n                        <img decoding=\"async\" src=\"https:\/\/sidelinesports.com\/wp-content\/uploads\/2024\/07\/rostislav-1.jpg\" class=\"w-[85px] rounded-full mb-6 mx-auto\" alt=\"profile image\">\n                        <div class=\"text-[16px] hover:underline decoration-blue-700 font-Inter font-bold text-[#3c434c] mt-5 text-center tracking-[-.02em]\">Rostislav Grinishin<\/div>\n                        <p class=\"font-normal font-Inter text-[12px] text-[#64707a] text-center mt-1\">Ukraine<\/p>\n                    <\/a>\n                <\/div>\n                            <div class=\"p-4 text-center w-[222px] mx-[26px]\">\n                    <a href=\"mailto:mailto:bilal.suman@sidelinesports.com\"> <!-- \u0412\u0438\u043a\u043e\u0440\u0438\u0441\u0442\u043e\u0432\u0443\u0454\u043c\u043e mailto: \u0434\u043b\u044f email -->\n                        <img decoding=\"async\" src=\"https:\/\/sidelinesports.com\/wp-content\/uploads\/2024\/07\/bilal.jpg\" class=\"w-[85px] rounded-full mb-6 mx-auto\" alt=\"profile image\">\n                        <div class=\"text-[16px] hover:underline decoration-blue-700 font-Inter font-bold text-[#3c434c] mt-5 text-center tracking-[-.02em]\">Bilal Suman<\/div>\n                        <p class=\"font-normal font-Inter text-[12px] text-[#64707a] text-center mt-1\">Director of Video Analysis<\/p>\n                    <\/a>\n                <\/div>\n                        <\/div>\n    <\/div>\n<\/section>\n\n<div class=\"footer_before pb-[90px] md:pb-[120px] pt-[120px] md:pt-[150px] ffgdfggdff\">\r\n        <div class=\"max-w-[1140px] mx-auto text-center flex flex-col items-center justify-center px-10\">\r\n            <div class=\"text-white font-Inter font-bold md:text-[48px] text-[30px] sm:text-[40px] mb-[44px] leading-[1.1] tracking-[-.02em]\">Il est temps de d\u00e9marrer<\/div>\r\n                        <div>\r\n                <button class=\"try_xps_about h-[57px] px-3 text-white hover:bg-[#4b9e00] bg-[#57b700] text-center inline-flex items-center justify-center rounded-md uppercase font-bold font-Inter text-[14px] sm:text-[16px] tracking-[.02em] \">Essayez XPS Network gratuitement<\/button>\r\n                <p class=\"font-Inter opacity-[0.85] text-white mt-4\">Aucune carte de cr\u00e9dit requise.<\/p>\r\n            <\/div>\r\n                        \r\n        <\/div>\r\n<\/div>","protected":false},"excerpt":{"rendered":"","protected":false},"author":23,"featured_media":0,"parent":0,"menu_order":0,"comment_status":"closed","ping_status":"closed","template":"Full-width.php","meta":{"_acf_changed":false,"content-type":"","footnotes":""},"class_list":["post-35807","page","type-page","status-publish","hentry"],"acf":[],"_links":{"self":[{"href":"https:\/\/sidelinesports.com\/fr\/wp-json\/wp\/v2\/pages\/35807","targetHints":{"allow":["GET"]}}],"collection":[{"href":"https:\/\/sidelinesports.com\/fr\/wp-json\/wp\/v2\/pages"}],"about":[{"href":"https:\/\/sidelinesports.com\/fr\/wp-json\/wp\/v2\/types\/page"}],"author":[{"embeddable":true,"href":"https:\/\/sidelinesports.com\/fr\/wp-json\/wp\/v2\/users\/23"}],"replies":[{"embeddable":true,"href":"https:\/\/sidelinesports.com\/fr\/wp-json\/wp\/v2\/comments?post=35807"}],"version-history":[{"count":0,"href":"https:\/\/sidelinesports.com\/fr\/wp-json\/wp\/v2\/pages\/35807\/revisions"}],"wp:attachment":[{"href":"https:\/\/sidelinesports.com\/fr\/wp-json\/wp\/v2\/media?parent=35807"}],"curies":[{"name":"wp","href":"https:\/\/api.w.org\/{rel}","templated":true}]}}