{"id":37266,"date":"2024-07-23T13:25:14","date_gmt":"2024-07-23T13:25:14","guid":{"rendered":"https:\/\/sidelinesports.com\/om-os\/"},"modified":"2025-01-30T13:59:39","modified_gmt":"2025-01-30T13:59:39","slug":"about","status":"publish","type":"page","link":"https:\/\/sidelinesports.com\/da\/about\/","title":{"rendered":"Om os"},"content":{"rendered":"<section class=\"pt-20 md:pb-[350px] pb-[160px] mt-[-108px] about_hero z-[-1]\"  style=\"background:linear-gradient(0deg, #C140AC 5%, #003E75 100%)\">\r\n    <div class=\"max-w-[1180px] mx-auto\">\r\n        <h1 class=\"font-bold font-Inter md:text-[48px] text-[24px] w-[260px] md:w-full leading-[24px] text-center mx-auto md:pt-28 pt-14 pb-8 md:pb-28 text-white\" style=\"letter-spacing: -.02em;\">\r\n            Hj\u00e6lp til tr\u00e6nere og atleter        <\/h1>\r\n    <\/div>\r\n<\/section>\r\n\r\n<section class=\"powerful md:mt-[-274px] mt-[-150px] lg:mx-0 mx-6\">\r\n    <div class=\"About_main_img xl:w-[1160px] md:h-[600px] mx-auto\">\r\n                    <div class=\"iframe w-full h-full\">\r\n                <iframe src=\"https:\/\/player.vimeo.com\/video\/334479471?autoplay=1&amp;loop=1&amp;autopause=0\" frameborder=\"0\" allowfullscreen=\"\" allow=\"autoplay\"><\/iframe>\r\n            <\/div>\r\n            <\/div>\r\n<\/section>\n\n<section class=\"md:py-[80px] py-[50px]\">\n     <div class=\"max-w-[1160px] mx-auto px-4\">\n                        <div class=\"flex md:flex-row flex-col-reverse items-center md:items-end md:gap-10 gap-5\">\n                            \n            <div class=\"md:w-[700px]\">\n                    <h2 class=\"font-bold text-[#3c434c] text-center md:text-start md:text-[48px] text-[30px] leading-[35px] md:leading-[49px] md:my-[50px] my-5 font-Inter tracking-[-.02em]\">Opn\u00e5 fremragende performance<\/h2>\n                    <p class=\"text-[#3c434c] md:text-[#647072] font-Inter leading-[22px] text-center md:text-start tracking-[-.02em]\">Sideline Sports blev etableret i 2001. Vi startede med 3 medarbejdere, og i dag er vi 30. Vores hovedkontorer ligger i Island og Sverige. De fleste af os arbejder eksternt, s\u00e5 du vil finde os i hele verden.<br><br>  <br><br>\n I to \u00e5rtier har vi hjulpet vores kunder med at blive bedre organiseret og effektive, ved at forbedre kommunikation og give adgang til vigtige data der er afg\u00f8rende for at tr\u00e6ffe beslutninger.<br><br><br><br>\n Vores hovedprodukt er XPS Network tr\u00e6ningsplatformen, som benyttes af tusindvis af trofaste kunder, hvilket inkluderer nogle af verdens st\u00f8rste &#8211; og mindste &#8211; klubber og organisationer.<br><br><br><br>\n Vi er stolte af vores succes og vil forts\u00e6tte med at h\u00e6ve niveauet p\u00e5 vores avancerede softwarel\u00f8sninger til tr\u00e6nere i hele verden indenfor alle idr\u00e6tsgrene. Vi f\u00f8ler, at vi kun lige er startet! <\/p>\n            <\/div>\n                        <div class=\"flex-grow flex justify-center md:justify-end items-center\">\n                            <img decoding=\"async\" src=\"https:\/\/sidelinesports.com\/wp-content\/uploads\/2024\/07\/xps-1-300x298-1-e1724100047584.webp\" class=\"md:w-[320px] w-[210px] h-[210px] md:h-[318px]\" alt=\"media\">\n            <\/div>\n        <\/div>\n     <\/div>\n<\/section>\n\n<section class=\"md:py-[80px] py-[50px]\">\n     <div class=\"max-w-[1160px] mx-auto px-4\">\n                    <div class=\"flex md:flex-row-reverse flex-col-reverse items-center   \">\n                            \n            <div class=\"md:w-[700px]\">\n                    <h2 class=\"font-bold text-[#3c434c] text-center md:text-start md:text-[30px] text-[30px] leading-[35px] md:leading-[1.1] md:my-[25px] my-5 font-Inter tracking-[-.02em]\">G\u00f8r det enkelt<\/h2>\n                    <p class=\"text-[#3c434c] md:text-[#647072] font-Inter leading-[22px] text-center md:text-start tracking-[-.02em]\">Vi er tilh\u00e6nger af at g\u00f8re det enkelt: Giv god service, have det sjov og lave markedets bedste produkt.\nI de kommende \u00e5rtier, vil vi fortsat fokusere p\u00e5 brugervenligheden i vores produkter, altid med den samme kernev\u00e6rdi: St\u00f8tte tr\u00e6nere i udviklingen af hold og atleter.<br><br><br><br><br>\n\n<\/p>\n            <\/div>\n                        <div class=\"flex-grow flex justify-center md:justify-start items-center\">\n                            <img decoding=\"async\" src=\"https:\/\/sidelinesports.com\/wp-content\/uploads\/2024\/08\/simple.webp\" class=\"md:w-[320px] w-[210px] h-[210px] md:h-[318px]\" alt=\"media\">\n            <\/div>\n        <\/div>\n     <\/div>\n<\/section>\n\n<section class=\"md:py-[80px] py-[50px]\">\n     <div class=\"max-w-[1160px] mx-auto px-4\">\n                        <div class=\"flex md:flex-row flex-col-reverse items-center  md:gap-10 gap-5\">\n                            \n            <div class=\"md:w-[700px]\">\n                    <h2 class=\"font-bold text-[#3c434c] text-center md:text-start md:text-[30px] text-[30px] leading-[35px] md:leading-[1.1] md:my-[25px] my-5 font-Inter tracking-[-.02em]\">Hvordan kan vi hj\u00e6lpe dig?<\/h2>\n                    <p class=\"text-[#3c434c] md:text-[#647072] font-Inter leading-[22px] text-center md:text-start tracking-[-.02em]\">Hvis du har generelle sp\u00f8rgsm\u00e5l til os, s\u00e5 send venligst en email til <a style=\"color:#0000EE;text-decoration:underline\" href=\"mailto:info@sidelinesports.com\">info@sidelinesports.com<\/a>. Hvis du allerede er kunde og vil tale med en person i kundeservice, s\u00e5 send en mail til <a style=\"color:#0000EE;text-decoration:underline\" href=\"mailto:support@sidelinesports.com\">support@sidelinesports.com<\/a>. \r\n<br><br>\r\nGod forn\u00f8jelse p\u00e5 vores hjemmeside. Hvis du vil v\u00e6re kunde, vil vi rigtig gerne have dig. Uanset hvad, tak fordi du bes\u00f8ger Sideline Sports.  \r\n\r\n\r\n<\/p>\n            <\/div>\n                        <div class=\"flex-grow flex justify-center md:justify-end items-center\">\n                            <img decoding=\"async\" src=\"https:\/\/sidelinesports.com\/wp-content\/uploads\/2024\/08\/download-15.webp\" class=\"md:w-[320px] w-[210px] h-[210px] md:h-[318px]\" alt=\"media\">\n            <\/div>\n        <\/div>\n     <\/div>\n<\/section>\n\n<section class=\"md:my-[200px] my-20\">\n    <div class=\"w-full mx-auto px-3\">\n        <h3 class=\"font-bold text-[#3c434c] font-Inter text-[30px] md:text-[2.25rem] leading-[30px] md:leading-[49px] text-center\">Management<\/h3>\n    <div class=\"flex flex-wrap justify-center mt-[100px]\">\n                                    <div class=\"p-4 text-center w-[222px] mx-[26px]\">\n                    <a href=\"mailto:mailto:gustav@sidelinesports.com\"> <!-- \u0412\u0438\u043a\u043e\u0440\u0438\u0441\u0442\u043e\u0432\u0443\u0454\u043c\u043e mailto: \u0434\u043b\u044f email -->\n                        <img decoding=\"async\" src=\"https:\/\/sidelinesports.com\/wp-content\/uploads\/2024\/11\/1686577370966-1.jpeg\" class=\"w-[85px] rounded-full mb-6 mx-auto\" alt=\"profile image\">\n                        <div class=\"text-[16px] hover:underline decoration-blue-700 font-Inter font-bold text-[#3c434c] mt-5 text-center tracking-[-.02em]\">Gustav Rosqvist<\/div>\n                        <p class=\"font-normal font-Inter text-[12px] text-[#64707a] text-center mt-1\">Director of Business Development<\/p>\n                    <\/a>\n                <\/div>\n                            <div class=\"p-4 text-center w-[222px] mx-[26px]\">\n                    <a href=\"mailto:mailto:orri@sidelinesports.com\"> <!-- \u0412\u0438\u043a\u043e\u0440\u0438\u0441\u0442\u043e\u0432\u0443\u0454\u043c\u043e mailto: \u0434\u043b\u044f email -->\n                        <img decoding=\"async\" src=\"https:\/\/sidelinesports.com\/wp-content\/uploads\/2024\/07\/orri-300x300-1.jpg\" class=\"w-[85px] rounded-full mb-6 mx-auto\" alt=\"profile image\">\n                        <div class=\"text-[16px] hover:underline decoration-blue-700 font-Inter font-bold text-[#3c434c] mt-5 text-center tracking-[-.02em]\">Orri Sigurdsson<\/div>\n                        <p class=\"font-normal font-Inter text-[12px] text-[#64707a] text-center mt-1\">Director of Customer Support<\/p>\n                    <\/a>\n                <\/div>\n                            <div class=\"p-4 text-center w-[222px] mx-[26px]\">\n                    <a href=\"mailto:mailto:jakoubek@sidelinesports.com\"> <!-- \u0412\u0438\u043a\u043e\u0440\u0438\u0441\u0442\u043e\u0432\u0443\u0454\u043c\u043e mailto: \u0434\u043b\u044f email -->\n                        <img decoding=\"async\" src=\"https:\/\/sidelinesports.com\/wp-content\/uploads\/2024\/11\/w800h450et1659962880-2.png\" class=\"w-[85px] rounded-full mb-6 mx-auto\" alt=\"profile image\">\n                        <div class=\"text-[16px] hover:underline decoration-blue-700 font-Inter font-bold text-[#3c434c] mt-5 text-center tracking-[-.02em]\">Ji\u0159\u00ed Jakoubek<\/div>\n                        <p class=\"font-normal font-Inter text-[12px] text-[#64707a] text-center mt-1\">VP of Sales Europe<\/p>\n                    <\/a>\n                <\/div>\n                            <div class=\"p-4 text-center w-[222px] mx-[26px]\">\n                    <a href=\"mailto:mailto:jan@sidelinesports.com\"> <!-- \u0412\u0438\u043a\u043e\u0440\u0438\u0441\u0442\u043e\u0432\u0443\u0454\u043c\u043e mailto: \u0434\u043b\u044f email -->\n                        <img decoding=\"async\" src=\"https:\/\/sidelinesports.com\/wp-content\/uploads\/2024\/11\/1730510018354-1.jpeg\" class=\"w-[85px] rounded-full mb-6 mx-auto\" alt=\"profile image\">\n                        <div class=\"text-[16px] hover:underline decoration-blue-700 font-Inter font-bold text-[#3c434c] mt-5 text-center tracking-[-.02em]\">Jan Vol\u00e1k<\/div>\n                        <p class=\"font-normal font-Inter text-[12px] text-[#64707a] text-center mt-1\">Director of PR &amp; Marketing<\/p>\n                    <\/a>\n                <\/div>\n                            <div class=\"p-4 text-center w-[222px] mx-[26px]\">\n                    <a href=\"mailto:mailto:jack@sidelinesports.com\"> <!-- \u0412\u0438\u043a\u043e\u0440\u0438\u0441\u0442\u043e\u0432\u0443\u0454\u043c\u043e mailto: \u0434\u043b\u044f email -->\n                        <img decoding=\"async\" src=\"https:\/\/sidelinesports.com\/wp-content\/uploads\/2024\/11\/1653711055290-1.jpeg\" class=\"w-[85px] rounded-full mb-6 mx-auto\" alt=\"profile image\">\n                        <div class=\"text-[16px] hover:underline decoration-blue-700 font-Inter font-bold text-[#3c434c] mt-5 text-center tracking-[-.02em]\">Jack Scott<\/div>\n                        <p class=\"font-normal font-Inter text-[12px] text-[#64707a] text-center mt-1\">Sales Director Asia &amp; Pacific<\/p>\n                    <\/a>\n                <\/div>\n                            <div class=\"p-4 text-center w-[222px] mx-[26px]\">\n                    <a href=\"mailto:mailto:olivier@sidelinesports.com\"> <!-- \u0412\u0438\u043a\u043e\u0440\u0438\u0441\u0442\u043e\u0432\u0443\u0454\u043c\u043e mailto: \u0434\u043b\u044f email -->\n                        <img decoding=\"async\" src=\"https:\/\/sidelinesports.com\/wp-content\/uploads\/2024\/11\/1698170635588.jpeg\" class=\"w-[85px] rounded-full mb-6 mx-auto\" alt=\"profile image\">\n                        <div class=\"text-[16px] hover:underline decoration-blue-700 font-Inter font-bold text-[#3c434c] mt-5 text-center tracking-[-.02em]\">Olivier Prud&#039;Homme<\/div>\n                        <p class=\"font-normal font-Inter text-[12px] text-[#64707a] text-center mt-1\">Sales Director USA &amp; Canada <\/p>\n                    <\/a>\n                <\/div>\n                            <div class=\"p-4 text-center w-[222px] mx-[26px]\">\n                    <a href=\"mailto:mailto:toni@sidelinesports.com\"> <!-- \u0412\u0438\u043a\u043e\u0440\u0438\u0441\u0442\u043e\u0432\u0443\u0454\u043c\u043e mailto: \u0434\u043b\u044f email -->\n                        <img decoding=\"async\" src=\"https:\/\/sidelinesports.com\/wp-content\/uploads\/2024\/11\/1683563486078-1.jpeg\" class=\"w-[85px] rounded-full mb-6 mx-auto\" alt=\"profile image\">\n                        <div class=\"text-[16px] hover:underline decoration-blue-700 font-Inter font-bold text-[#3c434c] mt-5 text-center tracking-[-.02em]\">Toni Kallio<\/div>\n                        <p class=\"font-normal font-Inter text-[12px] text-[#64707a] text-center mt-1\">Finland<\/p>\n                    <\/a>\n                <\/div>\n                            <div class=\"p-4 text-center w-[222px] mx-[26px]\">\n                    <a href=\"mailto:mailto:erwin@sidelinesports.com\"> <!-- \u0412\u0438\u043a\u043e\u0440\u0438\u0441\u0442\u043e\u0432\u0443\u0454\u043c\u043e mailto: \u0434\u043b\u044f email -->\n                        <img decoding=\"async\" src=\"https:\/\/sidelinesports.com\/wp-content\/uploads\/2024\/11\/2363_0x0-3.jpg\" class=\"w-[85px] rounded-full mb-6 mx-auto\" alt=\"profile image\">\n                        <div class=\"text-[16px] hover:underline decoration-blue-700 font-Inter font-bold text-[#3c434c] mt-5 text-center tracking-[-.02em]\">Erwin Gierlinger<\/div>\n                        <p class=\"font-normal font-Inter text-[12px] text-[#64707a] text-center mt-1\">Austria<\/p>\n                    <\/a>\n                <\/div>\n                            <div class=\"p-4 text-center w-[222px] mx-[26px]\">\n                    <a href=\"mailto:mailto:skl@sidelinesports.com\"> <!-- \u0412\u0438\u043a\u043e\u0440\u0438\u0441\u0442\u043e\u0432\u0443\u0454\u043c\u043e mailto: \u0434\u043b\u044f email -->\n                        <img decoding=\"async\" src=\"https:\/\/sidelinesports.com\/wp-content\/uploads\/2024\/11\/nyhedsten.jpg\" class=\"w-[85px] rounded-full mb-6 mx-auto\" alt=\"profile image\">\n                        <div class=\"text-[16px] hover:underline decoration-blue-700 font-Inter font-bold text-[#3c434c] mt-5 text-center tracking-[-.02em]\">Sten Kaj Larsen<\/div>\n                        <p class=\"font-normal font-Inter text-[12px] text-[#64707a] text-center mt-1\">Denmark<\/p>\n                    <\/a>\n                <\/div>\n                            <div class=\"p-4 text-center w-[222px] mx-[26px]\">\n                    <a href=\"mailto:mailto:redha@sidelinesports.com\"> <!-- \u0412\u0438\u043a\u043e\u0440\u0438\u0441\u0442\u043e\u0432\u0443\u0454\u043c\u043e mailto: \u0434\u043b\u044f email -->\n                        <img decoding=\"async\" src=\"https:\/\/sidelinesports.com\/wp-content\/uploads\/2024\/11\/redha.png\" class=\"w-[85px] rounded-full mb-6 mx-auto\" alt=\"profile image\">\n                        <div class=\"text-[16px] hover:underline decoration-blue-700 font-Inter font-bold text-[#3c434c] mt-5 text-center tracking-[-.02em]\">Redha Almosawy<\/div>\n                        <p class=\"font-normal font-Inter text-[12px] text-[#64707a] text-center mt-1\">GCC<\/p>\n                    <\/a>\n                <\/div>\n                            <div class=\"p-4 text-center w-[222px] mx-[26px]\">\n                    <a href=\"mailto:mailto:uhlmann@sidelinesports.com\"> <!-- \u0412\u0438\u043a\u043e\u0440\u0438\u0441\u0442\u043e\u0432\u0443\u0454\u043c\u043e mailto: \u0434\u043b\u044f email -->\n                        <img decoding=\"async\" src=\"https:\/\/sidelinesports.com\/wp-content\/uploads\/2024\/11\/1638258298331.jpeg\" class=\"w-[85px] rounded-full mb-6 mx-auto\" alt=\"profile image\">\n                        <div class=\"text-[16px] hover:underline decoration-blue-700 font-Inter font-bold text-[#3c434c] mt-5 text-center tracking-[-.02em]\">Marc Uhlmann<\/div>\n                        <p class=\"font-normal font-Inter text-[12px] text-[#64707a] text-center mt-1\">Germany<\/p>\n                    <\/a>\n                <\/div>\n                            <div class=\"p-4 text-center w-[222px] mx-[26px]\">\n                    <a href=\"mailto:mailto:sandor@sidelinesports.com\"> <!-- \u0412\u0438\u043a\u043e\u0440\u0438\u0441\u0442\u043e\u0432\u0443\u0454\u043c\u043e mailto: \u0434\u043b\u044f email -->\n                        <img decoding=\"async\" src=\"https:\/\/sidelinesports.com\/wp-content\/uploads\/2024\/11\/1730838969879-1.jpeg\" class=\"w-[85px] rounded-full mb-6 mx-auto\" alt=\"profile image\">\n                        <div class=\"text-[16px] hover:underline decoration-blue-700 font-Inter font-bold text-[#3c434c] mt-5 text-center tracking-[-.02em]\">Sandor Virag<\/div>\n                        <p class=\"font-normal font-Inter text-[12px] text-[#64707a] text-center mt-1\">Hungary<\/p>\n                    <\/a>\n                <\/div>\n                            <div class=\"p-4 text-center w-[222px] mx-[26px]\">\n                    <a href=\"mailto:mailto:patrizio@sidelinesports.com\"> <!-- \u0412\u0438\u043a\u043e\u0440\u0438\u0441\u0442\u043e\u0432\u0443\u0454\u043c\u043e mailto: \u0434\u043b\u044f email -->\n                        <img decoding=\"async\" src=\"https:\/\/sidelinesports.com\/wp-content\/uploads\/2024\/11\/pacifico-jpg-1.jpeg\" class=\"w-[85px] rounded-full mb-6 mx-auto\" alt=\"profile image\">\n                        <div class=\"text-[16px] hover:underline decoration-blue-700 font-Inter font-bold text-[#3c434c] mt-5 text-center tracking-[-.02em]\">Patrizio Pacifico<\/div>\n                        <p class=\"font-normal font-Inter text-[12px] text-[#64707a] text-center mt-1\">Italy<\/p>\n                    <\/a>\n                <\/div>\n                            <div class=\"p-4 text-center w-[222px] mx-[26px]\">\n                    <a href=\"mailto:mailto:dvir@sidelinesports.com\"> <!-- \u0412\u0438\u043a\u043e\u0440\u0438\u0441\u0442\u043e\u0432\u0443\u0454\u043c\u043e mailto: \u0434\u043b\u044f email -->\n                        <img decoding=\"async\" src=\"https:\/\/sidelinesports.com\/wp-content\/uploads\/2024\/07\/Dvir-Goldshtein-300x300-1.jpeg\" class=\"w-[85px] rounded-full mb-6 mx-auto\" alt=\"profile image\">\n                        <div class=\"text-[16px] hover:underline decoration-blue-700 font-Inter font-bold text-[#3c434c] mt-5 text-center tracking-[-.02em]\">Dvir Goldshtein<\/div>\n                        <p class=\"font-normal font-Inter text-[12px] text-[#64707a] text-center mt-1\">Israel<\/p>\n                    <\/a>\n                <\/div>\n                            <div class=\"p-4 text-center w-[222px] mx-[26px]\">\n                    <a href=\"mailto:mailto:geir@sidelinesports.com\"> <!-- \u0412\u0438\u043a\u043e\u0440\u0438\u0441\u0442\u043e\u0432\u0443\u0454\u043c\u043e mailto: \u0434\u043b\u044f email -->\n                        <img decoding=\"async\" src=\"https:\/\/sidelinesports.com\/wp-content\/uploads\/2024\/07\/geir.jpg\" class=\"w-[85px] rounded-full mb-6 mx-auto\" alt=\"profile image\">\n                        <div class=\"text-[16px] hover:underline decoration-blue-700 font-Inter font-bold text-[#3c434c] mt-5 text-center tracking-[-.02em]\">Geir Martinsen<\/div>\n                        <p class=\"font-normal font-Inter text-[12px] text-[#64707a] text-center mt-1\">Norway<\/p>\n                    <\/a>\n                <\/div>\n                            <div class=\"p-4 text-center w-[222px] mx-[26px]\">\n                    <a href=\"mailto:mailto:l.kalwa@sidelinesports.com\"> <!-- \u0412\u0438\u043a\u043e\u0440\u0438\u0441\u0442\u043e\u0432\u0443\u0454\u043c\u043e mailto: \u0434\u043b\u044f email -->\n                        <img decoding=\"async\" src=\"https:\/\/sidelinesports.com\/wp-content\/uploads\/2024\/11\/1684961399454-1.jpeg\" class=\"w-[85px] rounded-full mb-6 mx-auto\" alt=\"profile image\">\n                        <div class=\"text-[16px] hover:underline decoration-blue-700 font-Inter font-bold text-[#3c434c] mt-5 text-center tracking-[-.02em]\">\u0141ukasz Kalwa<\/div>\n                        <p class=\"font-normal font-Inter text-[12px] text-[#64707a] text-center mt-1\">Poland<\/p>\n                    <\/a>\n                <\/div>\n                            <div class=\"p-4 text-center w-[222px] mx-[26px]\">\n                    <a href=\"mailto:mailto:miguel@sidelinesports.com\"> <!-- \u0412\u0438\u043a\u043e\u0440\u0438\u0441\u0442\u043e\u0432\u0443\u0454\u043c\u043e mailto: \u0434\u043b\u044f email -->\n                        <img decoding=\"async\" src=\"https:\/\/sidelinesports.com\/wp-content\/uploads\/2024\/11\/1647282385106-1.jpeg\" class=\"w-[85px] rounded-full mb-6 mx-auto\" alt=\"profile image\">\n                        <div class=\"text-[16px] hover:underline decoration-blue-700 font-Inter font-bold text-[#3c434c] mt-5 text-center tracking-[-.02em]\">Miguel Vasconcelos<\/div>\n                        <p class=\"font-normal font-Inter text-[12px] text-[#64707a] text-center mt-1\">Portugal<\/p>\n                    <\/a>\n                <\/div>\n                            <div class=\"p-4 text-center w-[222px] mx-[26px]\">\n                    <a href=\"mailto:mailto:alex@sidelinesports.com\"> <!-- \u0412\u0438\u043a\u043e\u0440\u0438\u0441\u0442\u043e\u0432\u0443\u0454\u043c\u043e mailto: \u0434\u043b\u044f email -->\n                        <img decoding=\"async\" src=\"https:\/\/sidelinesports.com\/wp-content\/uploads\/2024\/11\/1634029719649.jpeg\" class=\"w-[85px] rounded-full mb-6 mx-auto\" alt=\"profile image\">\n                        <div class=\"text-[16px] hover:underline decoration-blue-700 font-Inter font-bold text-[#3c434c] mt-5 text-center tracking-[-.02em]\">Alex Nogu\u00e9s<\/div>\n                        <p class=\"font-normal font-Inter text-[12px] text-[#64707a] text-center mt-1\">Spain<\/p>\n                    <\/a>\n                <\/div>\n                            <div class=\"p-4 text-center w-[222px] mx-[26px]\">\n                    <a href=\"mailto:mailto:michal@sidelinesports.com\"> <!-- \u0412\u0438\u043a\u043e\u0440\u0438\u0441\u0442\u043e\u0432\u0443\u0454\u043c\u043e mailto: \u0434\u043b\u044f email -->\n                        <img decoding=\"async\" src=\"https:\/\/sidelinesports.com\/wp-content\/uploads\/2024\/07\/Michal-Rybka-1.jpg\" class=\"w-[85px] rounded-full mb-6 mx-auto\" alt=\"profile image\">\n                        <div class=\"text-[16px] hover:underline decoration-blue-700 font-Inter font-bold text-[#3c434c] mt-5 text-center tracking-[-.02em]\">Michal Rybka<\/div>\n                        <p class=\"font-normal font-Inter text-[12px] text-[#64707a] text-center mt-1\">Switzerland<\/p>\n                    <\/a>\n                <\/div>\n                            <div class=\"p-4 text-center w-[222px] mx-[26px]\">\n                    <a href=\"mailto:mailto:rostislav@sidelinesports.com\"> <!-- \u0412\u0438\u043a\u043e\u0440\u0438\u0441\u0442\u043e\u0432\u0443\u0454\u043c\u043e mailto: \u0434\u043b\u044f email -->\n                        <img decoding=\"async\" src=\"https:\/\/sidelinesports.com\/wp-content\/uploads\/2024\/07\/rostislav-1.jpg\" class=\"w-[85px] rounded-full mb-6 mx-auto\" alt=\"profile image\">\n                        <div class=\"text-[16px] hover:underline decoration-blue-700 font-Inter font-bold text-[#3c434c] mt-5 text-center tracking-[-.02em]\">Rostislav Grinishin<\/div>\n                        <p class=\"font-normal font-Inter text-[12px] text-[#64707a] text-center mt-1\">Ukraine<\/p>\n                    <\/a>\n                <\/div>\n                            <div class=\"p-4 text-center w-[222px] mx-[26px]\">\n                    <a href=\"mailto:mailto:bilal.suman@sidelinesports.com\"> <!-- \u0412\u0438\u043a\u043e\u0440\u0438\u0441\u0442\u043e\u0432\u0443\u0454\u043c\u043e mailto: \u0434\u043b\u044f email -->\n                        <img decoding=\"async\" src=\"https:\/\/sidelinesports.com\/wp-content\/uploads\/2024\/07\/bilal.jpg\" class=\"w-[85px] rounded-full mb-6 mx-auto\" alt=\"profile image\">\n                        <div class=\"text-[16px] hover:underline decoration-blue-700 font-Inter font-bold text-[#3c434c] mt-5 text-center tracking-[-.02em]\">Bilal Suman<\/div>\n                        <p class=\"font-normal font-Inter text-[12px] text-[#64707a] text-center mt-1\">Director of Video Analysis<\/p>\n                    <\/a>\n                <\/div>\n                        <\/div>\n    <\/div>\n<\/section>\n\n<div class=\"footer_before pb-[90px] md:pb-[120px] pt-[120px] md:pt-[150px] ffgdfggdff\">\r\n        <div class=\"max-w-[1140px] mx-auto text-center flex flex-col items-center justify-center px-10\">\r\n            <div class=\"text-white font-Inter font-bold md:text-[48px] text-[30px] sm:text-[40px] mb-[44px] leading-[1.1] tracking-[-.02em]\">It&#8217;s time to get started<\/div>\r\n                        <div>\r\n                <button class=\"try_xps_about h-[57px] px-3 text-white hover:bg-[#4b9e00] bg-[#57b700] text-center inline-flex items-center justify-center rounded-md uppercase font-bold font-Inter text-[14px] sm:text-[16px] tracking-[.02em] \">try xps for free<\/button>\r\n                <p class=\"font-Inter opacity-[0.85] text-white mt-4\">Intet kreditkort p\u00e5kr\u00e6vet.<\/p>\r\n            <\/div>\r\n                        \r\n        <\/div>\r\n<\/div>","protected":false},"excerpt":{"rendered":"","protected":false},"author":23,"featured_media":0,"parent":0,"menu_order":0,"comment_status":"closed","ping_status":"closed","template":"Full-width.php","meta":{"_acf_changed":false,"content-type":"","footnotes":""},"class_list":["post-37266","page","type-page","status-publish","hentry"],"acf":[],"_links":{"self":[{"href":"https:\/\/sidelinesports.com\/da\/wp-json\/wp\/v2\/pages\/37266","targetHints":{"allow":["GET"]}}],"collection":[{"href":"https:\/\/sidelinesports.com\/da\/wp-json\/wp\/v2\/pages"}],"about":[{"href":"https:\/\/sidelinesports.com\/da\/wp-json\/wp\/v2\/types\/page"}],"author":[{"embeddable":true,"href":"https:\/\/sidelinesports.com\/da\/wp-json\/wp\/v2\/users\/23"}],"replies":[{"embeddable":true,"href":"https:\/\/sidelinesports.com\/da\/wp-json\/wp\/v2\/comments?post=37266"}],"version-history":[{"count":0,"href":"https:\/\/sidelinesports.com\/da\/wp-json\/wp\/v2\/pages\/37266\/revisions"}],"wp:attachment":[{"href":"https:\/\/sidelinesports.com\/da\/wp-json\/wp\/v2\/media?parent=37266"}],"curies":[{"name":"wp","href":"https:\/\/api.w.org\/{rel}","templated":true}]}}